{"id":1041,"date":"2023-05-12T08:00:24","date_gmt":"2023-05-12T08:00:24","guid":{"rendered":"https:\/\/oliodelbianco.it\/prodotto\/buon-barone-olio-extravergine-doliva-zylindrische-stahldose\/"},"modified":"2023-05-12T08:00:24","modified_gmt":"2023-05-12T08:00:24","slug":"buon-barone-olio-extravergine-doliva-zylindrische-stahldose","status":"publish","type":"product","link":"https:\/\/oliodelbianco.it\/de\/prodotto\/buon-barone-olio-extravergine-doliva-zylindrische-stahldose\/","title":{"rendered":"Buon Barone Olio extravergine d&#8217;oliva &#8211; Zylindrische Stahldose"},"content":{"rendered":"<p><strong>AM TISCH<\/strong>: Ein \u00d6l f\u00fcr den t\u00e4glichen Bedarf, das sich hervorragend zum Braten in der Pfanne eignet.<\/p>\n<p>Eine perfekte Zutat f\u00fcr einfache Gerichte wie Pasta, verschiedene gegrillte Fleisch- und Fischgerichte, Gem\u00fcse und Kuchen.<\/p>\n<p>Der Name ruft eine ber\u00fchmte historische Figur unseres Gebiets in Erinnerung: &#8222;<em>Bonus Baro<\/em>&#8220; (eigentlich Buonbarone) war der Spitzname, den <strong>Bruder Elias<\/strong>, einer der treuesten und schillerndsten Gef\u00e4hrten des Heiligen Franz von Assisi, erhielt, bevor er sein Gel\u00fcbde ablegte. Er soll aus Beviglie stammen, einer h\u00fcgeligen Gegend in der Region Assis, aus der die meisten unserer Olivenb\u00e4ume stammen.<\/p>\n","protected":false},"excerpt":{"rendered":"<p>Natives Oliven\u00f6l extra, geerntet ab der allerersten Oktoberwoche.<br \/>\nIn dieser phase des Herbstes beginnen die Oliven zu reifen und das in ihnen enthaltene \u00d6l nimmt eine immer zartere, goldene Farbe an.<\/p>\n<p>Ein Blend, der zu gleichen Teilen aus <strong>Leccino, Frantoio und Moraiolo<\/strong> besteht und dessen Aroma die fruchtigen Eigenschaften eines aus frischen Oliven hergestellten \u00d6ls beibeh\u00e4lt.<\/p>\n<p>Der Leccino und der Frantoio werden mit zunehmender Reife s\u00fc\u00dfer, der Moraiolo bringt das komplexe und reiche Aromaprofil der umbrischen \u00d6le zur\u00fcck.<br \/>\nFruchtige Noten mit Ankl\u00e4ngen von Kr\u00e4utern.<\/p>\n","protected":false},"featured_media":1042,"comment_status":"closed","ping_status":"closed","template":"","meta":{"_monsterinsights_skip_tracking":false,"_monsterinsights_sitenote_active":false,"_monsterinsights_sitenote_note":"","_monsterinsights_sitenote_category":0},"product_brand":[],"product_cat":[64],"product_tag":[],"class_list":{"0":"post-1041","1":"product","2":"type-product","3":"status-publish","4":"has-post-thumbnail","6":"product_cat-ultra-navites-olivenol","8":"first","9":"instock","10":"shipping-taxable","11":"purchasable","12":"product-type-variable"},"yoast_head":"<!-- This site is optimized with the Yoast SEO plugin v27.4 - https:\/\/yoast.com\/product\/yoast-seo-wordpress\/ -->\n<title>Buon Barone Olio EVO zylindrische Dose | Olio Del Bianco<\/title>\n<meta name=\"description\" content=\"Kaufen Sie Buon Barone, kaltgepresstes natives Oliven\u00f6l extra aus den H\u00fcgeln von Assisi und Spoleto in einer zylindrischen Stahldose.\" \/>\n<meta name=\"robots\" content=\"index, follow, max-snippet:-1, max-image-preview:large, max-video-preview:-1\" \/>\n<link rel=\"canonical\" href=\"https:\/\/oliodelbianco.it\/de\/prodotto\/buon-barone-olio-extravergine-doliva-zylindrische-stahldose\/\" \/>\n<meta property=\"og:locale\" content=\"de_DE\" \/>\n<meta property=\"og:type\" content=\"article\" \/>\n<meta property=\"og:title\" content=\"Buon Barone Olio EVO zylindrische Dose | Olio Del Bianco\" \/>\n<meta property=\"og:description\" content=\"Kaufen Sie Buon Barone, kaltgepresstes natives Oliven\u00f6l extra aus den H\u00fcgeln von Assisi und Spoleto in einer zylindrischen Stahldose.\" \/>\n<meta property=\"og:url\" content=\"https:\/\/oliodelbianco.it\/de\/prodotto\/buon-barone-olio-extravergine-doliva-zylindrische-stahldose\/\" \/>\n<meta property=\"og:site_name\" content=\"Olio Del Bianco\" \/>\n<meta property=\"article:publisher\" content=\"https:\/\/www.facebook.com\/oliodelbianco\" \/>\n<meta property=\"og:image\" content=\"https:\/\/oliodelbianco.it\/wp-content\/uploads\/2023\/05\/latta-barone-evo-500ml.webp\" \/>\n\t<meta property=\"og:image:width\" content=\"1200\" \/>\n\t<meta property=\"og:image:height\" content=\"1200\" \/>\n\t<meta property=\"og:image:type\" content=\"image\/webp\" \/>\n<meta name=\"twitter:card\" content=\"summary_large_image\" \/>\n<script type=\"application\/ld+json\" class=\"yoast-schema-graph\">{\"@context\":\"https:\\\/\\\/schema.org\",\"@graph\":[{\"@type\":\"WebPage\",\"@id\":\"https:\\\/\\\/oliodelbianco.it\\\/de\\\/prodotto\\\/buon-barone-olio-extravergine-doliva-zylindrische-stahldose\\\/\",\"url\":\"https:\\\/\\\/oliodelbianco.it\\\/de\\\/prodotto\\\/buon-barone-olio-extravergine-doliva-zylindrische-stahldose\\\/\",\"name\":\"Buon Barone Olio EVO zylindrische Dose | Olio Del Bianco\",\"isPartOf\":{\"@id\":\"https:\\\/\\\/oliodelbianco.it\\\/de\\\/#website\"},\"primaryImageOfPage\":{\"@id\":\"https:\\\/\\\/oliodelbianco.it\\\/de\\\/prodotto\\\/buon-barone-olio-extravergine-doliva-zylindrische-stahldose\\\/#primaryimage\"},\"image\":{\"@id\":\"https:\\\/\\\/oliodelbianco.it\\\/de\\\/prodotto\\\/buon-barone-olio-extravergine-doliva-zylindrische-stahldose\\\/#primaryimage\"},\"thumbnailUrl\":\"https:\\\/\\\/oliodelbianco.it\\\/wp-content\\\/uploads\\\/2023\\\/05\\\/latta-barone-evo-500ml.webp\",\"datePublished\":\"2023-05-12T08:00:24+00:00\",\"description\":\"Kaufen Sie Buon Barone, kaltgepresstes natives Oliven\u00f6l extra aus den H\u00fcgeln von Assisi und Spoleto in einer zylindrischen Stahldose.\",\"breadcrumb\":{\"@id\":\"https:\\\/\\\/oliodelbianco.it\\\/de\\\/prodotto\\\/buon-barone-olio-extravergine-doliva-zylindrische-stahldose\\\/#breadcrumb\"},\"inLanguage\":\"de\",\"potentialAction\":[{\"@type\":\"ReadAction\",\"target\":[\"https:\\\/\\\/oliodelbianco.it\\\/de\\\/prodotto\\\/buon-barone-olio-extravergine-doliva-zylindrische-stahldose\\\/\"]}]},{\"@type\":\"ImageObject\",\"inLanguage\":\"de\",\"@id\":\"https:\\\/\\\/oliodelbianco.it\\\/de\\\/prodotto\\\/buon-barone-olio-extravergine-doliva-zylindrische-stahldose\\\/#primaryimage\",\"url\":\"https:\\\/\\\/oliodelbianco.it\\\/wp-content\\\/uploads\\\/2023\\\/05\\\/latta-barone-evo-500ml.webp\",\"contentUrl\":\"https:\\\/\\\/oliodelbianco.it\\\/wp-content\\\/uploads\\\/2023\\\/05\\\/latta-barone-evo-500ml.webp\",\"width\":1200,\"height\":1200},{\"@type\":\"BreadcrumbList\",\"@id\":\"https:\\\/\\\/oliodelbianco.it\\\/de\\\/prodotto\\\/buon-barone-olio-extravergine-doliva-zylindrische-stahldose\\\/#breadcrumb\",\"itemListElement\":[{\"@type\":\"ListItem\",\"position\":1,\"name\":\"Home\",\"item\":\"https:\\\/\\\/oliodelbianco.it\\\/de\\\/\"},{\"@type\":\"ListItem\",\"position\":2,\"name\":\"Gesch\u00e4ft\",\"item\":\"https:\\\/\\\/oliodelbianco.it\\\/de\\\/geschaft\\\/\"},{\"@type\":\"ListItem\",\"position\":3,\"name\":\"Buon Barone Olio extravergine d&#8217;oliva &#8211; Zylindrische Stahldose\"}]},{\"@type\":\"WebSite\",\"@id\":\"https:\\\/\\\/oliodelbianco.it\\\/de\\\/#website\",\"url\":\"https:\\\/\\\/oliodelbianco.it\\\/de\\\/\",\"name\":\"Olio Del Bianco\",\"description\":\"Extra Vergine d\u2019Oliva dei colli Assisi-Spoleto\",\"publisher\":{\"@id\":\"https:\\\/\\\/oliodelbianco.it\\\/de\\\/#organization\"},\"potentialAction\":[{\"@type\":\"SearchAction\",\"target\":{\"@type\":\"EntryPoint\",\"urlTemplate\":\"https:\\\/\\\/oliodelbianco.it\\\/de\\\/?s={search_term_string}\"},\"query-input\":{\"@type\":\"PropertyValueSpecification\",\"valueRequired\":true,\"valueName\":\"search_term_string\"}}],\"inLanguage\":\"de\"},{\"@type\":\"Organization\",\"@id\":\"https:\\\/\\\/oliodelbianco.it\\\/de\\\/#organization\",\"name\":\"Olio Del Bianco\",\"url\":\"https:\\\/\\\/oliodelbianco.it\\\/de\\\/\",\"logo\":{\"@type\":\"ImageObject\",\"inLanguage\":\"de\",\"@id\":\"https:\\\/\\\/oliodelbianco.it\\\/de\\\/#\\\/schema\\\/logo\\\/image\\\/\",\"url\":\"https:\\\/\\\/oliodelbianco.it\\\/wp-content\\\/uploads\\\/2022\\\/05\\\/logo-delbianco.png\",\"contentUrl\":\"https:\\\/\\\/oliodelbianco.it\\\/wp-content\\\/uploads\\\/2022\\\/05\\\/logo-delbianco.png\",\"width\":300,\"height\":300,\"caption\":\"Olio Del Bianco\"},\"image\":{\"@id\":\"https:\\\/\\\/oliodelbianco.it\\\/de\\\/#\\\/schema\\\/logo\\\/image\\\/\"},\"sameAs\":[\"https:\\\/\\\/www.facebook.com\\\/oliodelbianco\",\"https:\\\/\\\/www.instagram.com\\\/oliodelbianco\",\"https:\\\/\\\/vimeo.com\\\/oliodelbianco\"]}]}<\/script>\n<!-- \/ Yoast SEO plugin. -->","yoast_head_json":{"title":"Buon Barone Olio EVO zylindrische Dose | Olio Del Bianco","description":"Kaufen Sie Buon Barone, kaltgepresstes natives Oliven\u00f6l extra aus den H\u00fcgeln von Assisi und Spoleto in einer zylindrischen Stahldose.","robots":{"index":"index","follow":"follow","max-snippet":"max-snippet:-1","max-image-preview":"max-image-preview:large","max-video-preview":"max-video-preview:-1"},"canonical":"https:\/\/oliodelbianco.it\/de\/prodotto\/buon-barone-olio-extravergine-doliva-zylindrische-stahldose\/","og_locale":"de_DE","og_type":"article","og_title":"Buon Barone Olio EVO zylindrische Dose | Olio Del Bianco","og_description":"Kaufen Sie Buon Barone, kaltgepresstes natives Oliven\u00f6l extra aus den H\u00fcgeln von Assisi und Spoleto in einer zylindrischen Stahldose.","og_url":"https:\/\/oliodelbianco.it\/de\/prodotto\/buon-barone-olio-extravergine-doliva-zylindrische-stahldose\/","og_site_name":"Olio Del Bianco","article_publisher":"https:\/\/www.facebook.com\/oliodelbianco","og_image":[{"width":1200,"height":1200,"url":"https:\/\/oliodelbianco.it\/wp-content\/uploads\/2023\/05\/latta-barone-evo-500ml.webp","type":"image\/webp"}],"twitter_card":"summary_large_image","schema":{"@context":"https:\/\/schema.org","@graph":[{"@type":"WebPage","@id":"https:\/\/oliodelbianco.it\/de\/prodotto\/buon-barone-olio-extravergine-doliva-zylindrische-stahldose\/","url":"https:\/\/oliodelbianco.it\/de\/prodotto\/buon-barone-olio-extravergine-doliva-zylindrische-stahldose\/","name":"Buon Barone Olio EVO zylindrische Dose | Olio Del Bianco","isPartOf":{"@id":"https:\/\/oliodelbianco.it\/de\/#website"},"primaryImageOfPage":{"@id":"https:\/\/oliodelbianco.it\/de\/prodotto\/buon-barone-olio-extravergine-doliva-zylindrische-stahldose\/#primaryimage"},"image":{"@id":"https:\/\/oliodelbianco.it\/de\/prodotto\/buon-barone-olio-extravergine-doliva-zylindrische-stahldose\/#primaryimage"},"thumbnailUrl":"https:\/\/oliodelbianco.it\/wp-content\/uploads\/2023\/05\/latta-barone-evo-500ml.webp","datePublished":"2023-05-12T08:00:24+00:00","description":"Kaufen Sie Buon Barone, kaltgepresstes natives Oliven\u00f6l extra aus den H\u00fcgeln von Assisi und Spoleto in einer zylindrischen Stahldose.","breadcrumb":{"@id":"https:\/\/oliodelbianco.it\/de\/prodotto\/buon-barone-olio-extravergine-doliva-zylindrische-stahldose\/#breadcrumb"},"inLanguage":"de","potentialAction":[{"@type":"ReadAction","target":["https:\/\/oliodelbianco.it\/de\/prodotto\/buon-barone-olio-extravergine-doliva-zylindrische-stahldose\/"]}]},{"@type":"ImageObject","inLanguage":"de","@id":"https:\/\/oliodelbianco.it\/de\/prodotto\/buon-barone-olio-extravergine-doliva-zylindrische-stahldose\/#primaryimage","url":"https:\/\/oliodelbianco.it\/wp-content\/uploads\/2023\/05\/latta-barone-evo-500ml.webp","contentUrl":"https:\/\/oliodelbianco.it\/wp-content\/uploads\/2023\/05\/latta-barone-evo-500ml.webp","width":1200,"height":1200},{"@type":"BreadcrumbList","@id":"https:\/\/oliodelbianco.it\/de\/prodotto\/buon-barone-olio-extravergine-doliva-zylindrische-stahldose\/#breadcrumb","itemListElement":[{"@type":"ListItem","position":1,"name":"Home","item":"https:\/\/oliodelbianco.it\/de\/"},{"@type":"ListItem","position":2,"name":"Gesch\u00e4ft","item":"https:\/\/oliodelbianco.it\/de\/geschaft\/"},{"@type":"ListItem","position":3,"name":"Buon Barone Olio extravergine d&#8217;oliva &#8211; Zylindrische Stahldose"}]},{"@type":"WebSite","@id":"https:\/\/oliodelbianco.it\/de\/#website","url":"https:\/\/oliodelbianco.it\/de\/","name":"Olio Del Bianco","description":"Extra Vergine d\u2019Oliva dei colli Assisi-Spoleto","publisher":{"@id":"https:\/\/oliodelbianco.it\/de\/#organization"},"potentialAction":[{"@type":"SearchAction","target":{"@type":"EntryPoint","urlTemplate":"https:\/\/oliodelbianco.it\/de\/?s={search_term_string}"},"query-input":{"@type":"PropertyValueSpecification","valueRequired":true,"valueName":"search_term_string"}}],"inLanguage":"de"},{"@type":"Organization","@id":"https:\/\/oliodelbianco.it\/de\/#organization","name":"Olio Del Bianco","url":"https:\/\/oliodelbianco.it\/de\/","logo":{"@type":"ImageObject","inLanguage":"de","@id":"https:\/\/oliodelbianco.it\/de\/#\/schema\/logo\/image\/","url":"https:\/\/oliodelbianco.it\/wp-content\/uploads\/2022\/05\/logo-delbianco.png","contentUrl":"https:\/\/oliodelbianco.it\/wp-content\/uploads\/2022\/05\/logo-delbianco.png","width":300,"height":300,"caption":"Olio Del Bianco"},"image":{"@id":"https:\/\/oliodelbianco.it\/de\/#\/schema\/logo\/image\/"},"sameAs":["https:\/\/www.facebook.com\/oliodelbianco","https:\/\/www.instagram.com\/oliodelbianco","https:\/\/vimeo.com\/oliodelbianco"]}]}},"_links":{"self":[{"href":"https:\/\/oliodelbianco.it\/de\/wp-json\/wp\/v2\/product\/1041","targetHints":{"allow":["GET"]}}],"collection":[{"href":"https:\/\/oliodelbianco.it\/de\/wp-json\/wp\/v2\/product"}],"about":[{"href":"https:\/\/oliodelbianco.it\/de\/wp-json\/wp\/v2\/types\/product"}],"replies":[{"embeddable":true,"href":"https:\/\/oliodelbianco.it\/de\/wp-json\/wp\/v2\/comments?post=1041"}],"wp:featuredmedia":[{"embeddable":true,"href":"https:\/\/oliodelbianco.it\/de\/wp-json\/wp\/v2\/media\/1042"}],"wp:attachment":[{"href":"https:\/\/oliodelbianco.it\/de\/wp-json\/wp\/v2\/media?parent=1041"}],"wp:term":[{"taxonomy":"product_brand","embeddable":true,"href":"https:\/\/oliodelbianco.it\/de\/wp-json\/wp\/v2\/product_brand?post=1041"},{"taxonomy":"product_cat","embeddable":true,"href":"https:\/\/oliodelbianco.it\/de\/wp-json\/wp\/v2\/product_cat?post=1041"},{"taxonomy":"product_tag","embeddable":true,"href":"https:\/\/oliodelbianco.it\/de\/wp-json\/wp\/v2\/product_tag?post=1041"}],"curies":[{"name":"wp","href":"https:\/\/api.w.org\/{rel}","templated":true}]}}