{"id":1029,"date":"2023-04-12T08:38:56","date_gmt":"2023-04-12T08:38:56","guid":{"rendered":"https:\/\/oliodelbianco.it\/prodotto\/tradizionale-d-o-p-natives-olivenoel-extra-glasflasche\/"},"modified":"2023-04-12T08:38:56","modified_gmt":"2023-04-12T08:38:56","slug":"tradizionale-d-o-p-natives-olivenoel-extra-glasflasche","status":"publish","type":"product","link":"https:\/\/oliodelbianco.it\/de\/prodotto\/tradizionale-d-o-p-natives-olivenoel-extra-glasflasche\/","title":{"rendered":"Tradizionale D.O.P. Natives Oliven\u00f6l extra &#8211; Glasflasche"},"content":{"rendered":"<p><strong>BEI TISCH<\/strong>: Hervorragendes Gew\u00fcrz f\u00fcr kr\u00e4ftige Speisen wie: Fisch, Steaks, Koteletts, Kochgerichte.<\/p>\n<p>Ein Produkt, das die Tradition der Moraiolo-Olive zelebriert, die seit Jahrhunderten in unserem Gebiet pr\u00e4sent ist, da sie einen Gro\u00dfteil unserer Landschaft pr\u00e4gt und f\u00fcr die wir in der ganzen Welt bekannt sind.<\/p>\n","protected":false},"excerpt":{"rendered":"<p>Natives Oliven\u00f6l extra, geerntet in der zweiten Oktoberh\u00e4lfte, wenn die Moraiolo-Olive ihr volles Potenzial entfaltet.<\/p>\n<p>Es hat ein ausgepr\u00e4gtes Kr\u00e4uteraroma mit Noten von frischem Knoblauch und Artischocken, in guten Jahren kann auch eine leichte Pfeffernote wahrgenommen werden.<\/p>\n<p><strong>Das DOP-Disziplinargesetz der H\u00fcgel von Assisi-Spoleto<\/strong> schreibt einen Mindestanteil von 65% <strong>Moraiolo<\/strong>-\u00d6l vor. Unser traditionelles DOP will noch weiter gehen, bis hin zu ein Oliven\u00f6l das 100% aus Moraiolo gewonnen wird (Monosorte).<\/p>\n","protected":false},"featured_media":1030,"comment_status":"closed","ping_status":"closed","template":"","meta":{"_monsterinsights_skip_tracking":false,"_monsterinsights_sitenote_active":false,"_monsterinsights_sitenote_note":"","_monsterinsights_sitenote_category":0},"product_brand":[],"product_cat":[64],"product_tag":[],"class_list":{"0":"post-1029","1":"product","2":"type-product","3":"status-publish","4":"has-post-thumbnail","6":"product_cat-ultra-navites-olivenol","8":"first","9":"instock","10":"shipping-taxable","11":"purchasable","12":"product-type-variable"},"yoast_head":"<!-- This site is optimized with the Yoast SEO plugin v27.4 - https:\/\/yoast.com\/product\/yoast-seo-wordpress\/ -->\n<title>Natives Oliven\u00f6l extra Tradizionale D.O.P. | Olio Del Bianco<\/title>\n<meta name=\"description\" content=\"Unser Tradizionale D.O.P. ist ein v\u00f6llig nat\u00fcrliches EVO-\u00d6l, das perfekt zu allen Rezepten passt.\" \/>\n<meta name=\"robots\" content=\"index, follow, max-snippet:-1, max-image-preview:large, max-video-preview:-1\" \/>\n<link rel=\"canonical\" href=\"https:\/\/oliodelbianco.it\/de\/prodotto\/tradizionale-d-o-p-natives-olivenoel-extra-glasflasche\/\" \/>\n<meta property=\"og:locale\" content=\"de_DE\" \/>\n<meta property=\"og:type\" content=\"article\" \/>\n<meta property=\"og:title\" content=\"Natives Oliven\u00f6l extra Tradizionale D.O.P. | Olio Del Bianco\" \/>\n<meta property=\"og:description\" content=\"Unser Tradizionale D.O.P. ist ein v\u00f6llig nat\u00fcrliches EVO-\u00d6l, das perfekt zu allen Rezepten passt.\" \/>\n<meta property=\"og:url\" content=\"https:\/\/oliodelbianco.it\/de\/prodotto\/tradizionale-d-o-p-natives-olivenoel-extra-glasflasche\/\" \/>\n<meta property=\"og:site_name\" content=\"Olio Del Bianco\" \/>\n<meta property=\"article:publisher\" content=\"https:\/\/www.facebook.com\/oliodelbianco\" \/>\n<meta property=\"og:image\" content=\"https:\/\/oliodelbianco.it\/wp-content\/uploads\/2023\/05\/bottiglia-evo-estratto-freddo-500ml.webp\" \/>\n\t<meta property=\"og:image:width\" content=\"1200\" \/>\n\t<meta property=\"og:image:height\" content=\"1200\" \/>\n\t<meta property=\"og:image:type\" content=\"image\/webp\" \/>\n<meta name=\"twitter:card\" content=\"summary_large_image\" \/>\n<script type=\"application\/ld+json\" class=\"yoast-schema-graph\">{\"@context\":\"https:\\\/\\\/schema.org\",\"@graph\":[{\"@type\":\"WebPage\",\"@id\":\"https:\\\/\\\/oliodelbianco.it\\\/de\\\/prodotto\\\/tradizionale-d-o-p-natives-olivenoel-extra-glasflasche\\\/\",\"url\":\"https:\\\/\\\/oliodelbianco.it\\\/de\\\/prodotto\\\/tradizionale-d-o-p-natives-olivenoel-extra-glasflasche\\\/\",\"name\":\"Natives Oliven\u00f6l extra Tradizionale D.O.P. | Olio Del Bianco\",\"isPartOf\":{\"@id\":\"https:\\\/\\\/oliodelbianco.it\\\/de\\\/#website\"},\"primaryImageOfPage\":{\"@id\":\"https:\\\/\\\/oliodelbianco.it\\\/de\\\/prodotto\\\/tradizionale-d-o-p-natives-olivenoel-extra-glasflasche\\\/#primaryimage\"},\"image\":{\"@id\":\"https:\\\/\\\/oliodelbianco.it\\\/de\\\/prodotto\\\/tradizionale-d-o-p-natives-olivenoel-extra-glasflasche\\\/#primaryimage\"},\"thumbnailUrl\":\"https:\\\/\\\/oliodelbianco.it\\\/wp-content\\\/uploads\\\/2023\\\/05\\\/bottiglia-evo-estratto-freddo-500ml.webp\",\"datePublished\":\"2023-04-12T08:38:56+00:00\",\"description\":\"Unser Tradizionale D.O.P. ist ein v\u00f6llig nat\u00fcrliches EVO-\u00d6l, das perfekt zu allen Rezepten passt.\",\"breadcrumb\":{\"@id\":\"https:\\\/\\\/oliodelbianco.it\\\/de\\\/prodotto\\\/tradizionale-d-o-p-natives-olivenoel-extra-glasflasche\\\/#breadcrumb\"},\"inLanguage\":\"de\",\"potentialAction\":[{\"@type\":\"ReadAction\",\"target\":[\"https:\\\/\\\/oliodelbianco.it\\\/de\\\/prodotto\\\/tradizionale-d-o-p-natives-olivenoel-extra-glasflasche\\\/\"]}]},{\"@type\":\"ImageObject\",\"inLanguage\":\"de\",\"@id\":\"https:\\\/\\\/oliodelbianco.it\\\/de\\\/prodotto\\\/tradizionale-d-o-p-natives-olivenoel-extra-glasflasche\\\/#primaryimage\",\"url\":\"https:\\\/\\\/oliodelbianco.it\\\/wp-content\\\/uploads\\\/2023\\\/05\\\/bottiglia-evo-estratto-freddo-500ml.webp\",\"contentUrl\":\"https:\\\/\\\/oliodelbianco.it\\\/wp-content\\\/uploads\\\/2023\\\/05\\\/bottiglia-evo-estratto-freddo-500ml.webp\",\"width\":1200,\"height\":1200},{\"@type\":\"BreadcrumbList\",\"@id\":\"https:\\\/\\\/oliodelbianco.it\\\/de\\\/prodotto\\\/tradizionale-d-o-p-natives-olivenoel-extra-glasflasche\\\/#breadcrumb\",\"itemListElement\":[{\"@type\":\"ListItem\",\"position\":1,\"name\":\"Home\",\"item\":\"https:\\\/\\\/oliodelbianco.it\\\/de\\\/\"},{\"@type\":\"ListItem\",\"position\":2,\"name\":\"Gesch\u00e4ft\",\"item\":\"https:\\\/\\\/oliodelbianco.it\\\/de\\\/geschaft\\\/\"},{\"@type\":\"ListItem\",\"position\":3,\"name\":\"Tradizionale D.O.P. Natives Oliven\u00f6l extra &#8211; Glasflasche\"}]},{\"@type\":\"WebSite\",\"@id\":\"https:\\\/\\\/oliodelbianco.it\\\/de\\\/#website\",\"url\":\"https:\\\/\\\/oliodelbianco.it\\\/de\\\/\",\"name\":\"Olio Del Bianco\",\"description\":\"Extra Vergine d\u2019Oliva dei colli Assisi-Spoleto\",\"publisher\":{\"@id\":\"https:\\\/\\\/oliodelbianco.it\\\/de\\\/#organization\"},\"potentialAction\":[{\"@type\":\"SearchAction\",\"target\":{\"@type\":\"EntryPoint\",\"urlTemplate\":\"https:\\\/\\\/oliodelbianco.it\\\/de\\\/?s={search_term_string}\"},\"query-input\":{\"@type\":\"PropertyValueSpecification\",\"valueRequired\":true,\"valueName\":\"search_term_string\"}}],\"inLanguage\":\"de\"},{\"@type\":\"Organization\",\"@id\":\"https:\\\/\\\/oliodelbianco.it\\\/de\\\/#organization\",\"name\":\"Olio Del Bianco\",\"url\":\"https:\\\/\\\/oliodelbianco.it\\\/de\\\/\",\"logo\":{\"@type\":\"ImageObject\",\"inLanguage\":\"de\",\"@id\":\"https:\\\/\\\/oliodelbianco.it\\\/de\\\/#\\\/schema\\\/logo\\\/image\\\/\",\"url\":\"https:\\\/\\\/oliodelbianco.it\\\/wp-content\\\/uploads\\\/2022\\\/05\\\/logo-delbianco.png\",\"contentUrl\":\"https:\\\/\\\/oliodelbianco.it\\\/wp-content\\\/uploads\\\/2022\\\/05\\\/logo-delbianco.png\",\"width\":300,\"height\":300,\"caption\":\"Olio Del Bianco\"},\"image\":{\"@id\":\"https:\\\/\\\/oliodelbianco.it\\\/de\\\/#\\\/schema\\\/logo\\\/image\\\/\"},\"sameAs\":[\"https:\\\/\\\/www.facebook.com\\\/oliodelbianco\",\"https:\\\/\\\/www.instagram.com\\\/oliodelbianco\",\"https:\\\/\\\/vimeo.com\\\/oliodelbianco\"]}]}<\/script>\n<!-- \/ Yoast SEO plugin. -->","yoast_head_json":{"title":"Natives Oliven\u00f6l extra Tradizionale D.O.P. | Olio Del Bianco","description":"Unser Tradizionale D.O.P. ist ein v\u00f6llig nat\u00fcrliches EVO-\u00d6l, das perfekt zu allen Rezepten passt.","robots":{"index":"index","follow":"follow","max-snippet":"max-snippet:-1","max-image-preview":"max-image-preview:large","max-video-preview":"max-video-preview:-1"},"canonical":"https:\/\/oliodelbianco.it\/de\/prodotto\/tradizionale-d-o-p-natives-olivenoel-extra-glasflasche\/","og_locale":"de_DE","og_type":"article","og_title":"Natives Oliven\u00f6l extra Tradizionale D.O.P. | Olio Del Bianco","og_description":"Unser Tradizionale D.O.P. ist ein v\u00f6llig nat\u00fcrliches EVO-\u00d6l, das perfekt zu allen Rezepten passt.","og_url":"https:\/\/oliodelbianco.it\/de\/prodotto\/tradizionale-d-o-p-natives-olivenoel-extra-glasflasche\/","og_site_name":"Olio Del Bianco","article_publisher":"https:\/\/www.facebook.com\/oliodelbianco","og_image":[{"width":1200,"height":1200,"url":"https:\/\/oliodelbianco.it\/wp-content\/uploads\/2023\/05\/bottiglia-evo-estratto-freddo-500ml.webp","type":"image\/webp"}],"twitter_card":"summary_large_image","schema":{"@context":"https:\/\/schema.org","@graph":[{"@type":"WebPage","@id":"https:\/\/oliodelbianco.it\/de\/prodotto\/tradizionale-d-o-p-natives-olivenoel-extra-glasflasche\/","url":"https:\/\/oliodelbianco.it\/de\/prodotto\/tradizionale-d-o-p-natives-olivenoel-extra-glasflasche\/","name":"Natives Oliven\u00f6l extra Tradizionale D.O.P. | Olio Del Bianco","isPartOf":{"@id":"https:\/\/oliodelbianco.it\/de\/#website"},"primaryImageOfPage":{"@id":"https:\/\/oliodelbianco.it\/de\/prodotto\/tradizionale-d-o-p-natives-olivenoel-extra-glasflasche\/#primaryimage"},"image":{"@id":"https:\/\/oliodelbianco.it\/de\/prodotto\/tradizionale-d-o-p-natives-olivenoel-extra-glasflasche\/#primaryimage"},"thumbnailUrl":"https:\/\/oliodelbianco.it\/wp-content\/uploads\/2023\/05\/bottiglia-evo-estratto-freddo-500ml.webp","datePublished":"2023-04-12T08:38:56+00:00","description":"Unser Tradizionale D.O.P. ist ein v\u00f6llig nat\u00fcrliches EVO-\u00d6l, das perfekt zu allen Rezepten passt.","breadcrumb":{"@id":"https:\/\/oliodelbianco.it\/de\/prodotto\/tradizionale-d-o-p-natives-olivenoel-extra-glasflasche\/#breadcrumb"},"inLanguage":"de","potentialAction":[{"@type":"ReadAction","target":["https:\/\/oliodelbianco.it\/de\/prodotto\/tradizionale-d-o-p-natives-olivenoel-extra-glasflasche\/"]}]},{"@type":"ImageObject","inLanguage":"de","@id":"https:\/\/oliodelbianco.it\/de\/prodotto\/tradizionale-d-o-p-natives-olivenoel-extra-glasflasche\/#primaryimage","url":"https:\/\/oliodelbianco.it\/wp-content\/uploads\/2023\/05\/bottiglia-evo-estratto-freddo-500ml.webp","contentUrl":"https:\/\/oliodelbianco.it\/wp-content\/uploads\/2023\/05\/bottiglia-evo-estratto-freddo-500ml.webp","width":1200,"height":1200},{"@type":"BreadcrumbList","@id":"https:\/\/oliodelbianco.it\/de\/prodotto\/tradizionale-d-o-p-natives-olivenoel-extra-glasflasche\/#breadcrumb","itemListElement":[{"@type":"ListItem","position":1,"name":"Home","item":"https:\/\/oliodelbianco.it\/de\/"},{"@type":"ListItem","position":2,"name":"Gesch\u00e4ft","item":"https:\/\/oliodelbianco.it\/de\/geschaft\/"},{"@type":"ListItem","position":3,"name":"Tradizionale D.O.P. Natives Oliven\u00f6l extra &#8211; Glasflasche"}]},{"@type":"WebSite","@id":"https:\/\/oliodelbianco.it\/de\/#website","url":"https:\/\/oliodelbianco.it\/de\/","name":"Olio Del Bianco","description":"Extra Vergine d\u2019Oliva dei colli Assisi-Spoleto","publisher":{"@id":"https:\/\/oliodelbianco.it\/de\/#organization"},"potentialAction":[{"@type":"SearchAction","target":{"@type":"EntryPoint","urlTemplate":"https:\/\/oliodelbianco.it\/de\/?s={search_term_string}"},"query-input":{"@type":"PropertyValueSpecification","valueRequired":true,"valueName":"search_term_string"}}],"inLanguage":"de"},{"@type":"Organization","@id":"https:\/\/oliodelbianco.it\/de\/#organization","name":"Olio Del Bianco","url":"https:\/\/oliodelbianco.it\/de\/","logo":{"@type":"ImageObject","inLanguage":"de","@id":"https:\/\/oliodelbianco.it\/de\/#\/schema\/logo\/image\/","url":"https:\/\/oliodelbianco.it\/wp-content\/uploads\/2022\/05\/logo-delbianco.png","contentUrl":"https:\/\/oliodelbianco.it\/wp-content\/uploads\/2022\/05\/logo-delbianco.png","width":300,"height":300,"caption":"Olio Del Bianco"},"image":{"@id":"https:\/\/oliodelbianco.it\/de\/#\/schema\/logo\/image\/"},"sameAs":["https:\/\/www.facebook.com\/oliodelbianco","https:\/\/www.instagram.com\/oliodelbianco","https:\/\/vimeo.com\/oliodelbianco"]}]}},"_links":{"self":[{"href":"https:\/\/oliodelbianco.it\/de\/wp-json\/wp\/v2\/product\/1029","targetHints":{"allow":["GET"]}}],"collection":[{"href":"https:\/\/oliodelbianco.it\/de\/wp-json\/wp\/v2\/product"}],"about":[{"href":"https:\/\/oliodelbianco.it\/de\/wp-json\/wp\/v2\/types\/product"}],"replies":[{"embeddable":true,"href":"https:\/\/oliodelbianco.it\/de\/wp-json\/wp\/v2\/comments?post=1029"}],"wp:featuredmedia":[{"embeddable":true,"href":"https:\/\/oliodelbianco.it\/de\/wp-json\/wp\/v2\/media\/1030"}],"wp:attachment":[{"href":"https:\/\/oliodelbianco.it\/de\/wp-json\/wp\/v2\/media?parent=1029"}],"wp:term":[{"taxonomy":"product_brand","embeddable":true,"href":"https:\/\/oliodelbianco.it\/de\/wp-json\/wp\/v2\/product_brand?post=1029"},{"taxonomy":"product_cat","embeddable":true,"href":"https:\/\/oliodelbianco.it\/de\/wp-json\/wp\/v2\/product_cat?post=1029"},{"taxonomy":"product_tag","embeddable":true,"href":"https:\/\/oliodelbianco.it\/de\/wp-json\/wp\/v2\/product_tag?post=1029"}],"curies":[{"name":"wp","href":"https:\/\/api.w.org\/{rel}","templated":true}]}}