{"id":1027,"date":"2022-05-12T08:41:50","date_gmt":"2022-05-12T08:41:50","guid":{"rendered":"https:\/\/oliodelbianco.it\/prodotto\/handgefertigter-olivenmoerser\/"},"modified":"2022-05-12T08:41:50","modified_gmt":"2022-05-12T08:41:50","slug":"handgefertigter-olivenmoerser","status":"publish","type":"product","link":"https:\/\/oliodelbianco.it\/de\/prodotto\/handgefertigter-olivenmoerser\/","title":{"rendered":"Handgefertigter Olivenm\u00f6rser"},"content":{"rendered":"","protected":false},"excerpt":{"rendered":"<p>M\u00f6rtel aus Olivenholz, das beim Beschneiden unserer Pflanzen gewonnen wird.<br \/>\nSie k\u00f6nnen Dressings f\u00fcr Saucen, Fleisch, Salate und Fisch damit zubereiten. Geeignet zum Zerkleinern von Pinienkernen, Haseln\u00fcssen, Zwiebeln, Knoblauch, kleinen Tr\u00fcffeln, zur Herstellung von Pesto oder zum Hacken von Gew\u00fcrzen. Vollst\u00e4ndig mit Stempel.<\/p>\n","protected":false},"featured_media":1028,"comment_status":"closed","ping_status":"closed","template":"","meta":{"_monsterinsights_skip_tracking":false,"_monsterinsights_sitenote_active":false,"_monsterinsights_sitenote_note":"","_monsterinsights_sitenote_category":0},"product_brand":[],"product_cat":[65],"product_tag":[],"class_list":{"0":"post-1027","1":"product","2":"type-product","3":"status-publish","4":"has-post-thumbnail","6":"product_cat-kuchenutensilien","8":"first","9":"instock","10":"shipping-taxable","11":"purchasable","12":"product-type-simple"},"yoast_head":"<!-- This site is optimized with the Yoast SEO plugin v27.4 - https:\/\/yoast.com\/product\/yoast-seo-wordpress\/ -->\n<title>Olivenholzm\u00f6rtel| Olio Del Bianco<\/title>\n<meta name=\"description\" content=\"M\u00f6rser aus Olivenholz aus dem Beschneiden unserer Pflanzen von den Colli Assisi Spoleto.\" \/>\n<meta name=\"robots\" content=\"index, follow, max-snippet:-1, max-image-preview:large, max-video-preview:-1\" \/>\n<link rel=\"canonical\" href=\"https:\/\/oliodelbianco.it\/de\/prodotto\/handgefertigter-olivenmoerser\/\" \/>\n<meta property=\"og:locale\" content=\"de_DE\" \/>\n<meta property=\"og:type\" content=\"article\" \/>\n<meta property=\"og:title\" content=\"Olivenholzm\u00f6rtel| Olio Del Bianco\" \/>\n<meta property=\"og:description\" content=\"M\u00f6rser aus Olivenholz aus dem Beschneiden unserer Pflanzen von den Colli Assisi Spoleto.\" \/>\n<meta property=\"og:url\" content=\"https:\/\/oliodelbianco.it\/de\/prodotto\/handgefertigter-olivenmoerser\/\" \/>\n<meta property=\"og:site_name\" content=\"Olio Del Bianco\" \/>\n<meta property=\"article:publisher\" content=\"https:\/\/www.facebook.com\/oliodelbianco\" \/>\n<meta property=\"og:image\" content=\"https:\/\/oliodelbianco.it\/wp-content\/uploads\/2022\/05\/mortaio.jpg\" \/>\n\t<meta property=\"og:image:width\" content=\"1200\" \/>\n\t<meta property=\"og:image:height\" content=\"1200\" \/>\n\t<meta property=\"og:image:type\" content=\"image\/jpeg\" \/>\n<meta name=\"twitter:card\" content=\"summary_large_image\" \/>\n<script type=\"application\/ld+json\" class=\"yoast-schema-graph\">{\"@context\":\"https:\\\/\\\/schema.org\",\"@graph\":[{\"@type\":\"WebPage\",\"@id\":\"https:\\\/\\\/oliodelbianco.it\\\/de\\\/prodotto\\\/handgefertigter-olivenmoerser\\\/\",\"url\":\"https:\\\/\\\/oliodelbianco.it\\\/de\\\/prodotto\\\/handgefertigter-olivenmoerser\\\/\",\"name\":\"Olivenholzm\u00f6rtel| Olio Del Bianco\",\"isPartOf\":{\"@id\":\"https:\\\/\\\/oliodelbianco.it\\\/de\\\/#website\"},\"primaryImageOfPage\":{\"@id\":\"https:\\\/\\\/oliodelbianco.it\\\/de\\\/prodotto\\\/handgefertigter-olivenmoerser\\\/#primaryimage\"},\"image\":{\"@id\":\"https:\\\/\\\/oliodelbianco.it\\\/de\\\/prodotto\\\/handgefertigter-olivenmoerser\\\/#primaryimage\"},\"thumbnailUrl\":\"https:\\\/\\\/oliodelbianco.it\\\/wp-content\\\/uploads\\\/2022\\\/05\\\/mortaio.jpg\",\"datePublished\":\"2022-05-12T08:41:50+00:00\",\"description\":\"M\u00f6rser aus Olivenholz aus dem Beschneiden unserer Pflanzen von den Colli Assisi Spoleto.\",\"breadcrumb\":{\"@id\":\"https:\\\/\\\/oliodelbianco.it\\\/de\\\/prodotto\\\/handgefertigter-olivenmoerser\\\/#breadcrumb\"},\"inLanguage\":\"de\",\"potentialAction\":[{\"@type\":\"ReadAction\",\"target\":[\"https:\\\/\\\/oliodelbianco.it\\\/de\\\/prodotto\\\/handgefertigter-olivenmoerser\\\/\"]}]},{\"@type\":\"ImageObject\",\"inLanguage\":\"de\",\"@id\":\"https:\\\/\\\/oliodelbianco.it\\\/de\\\/prodotto\\\/handgefertigter-olivenmoerser\\\/#primaryimage\",\"url\":\"https:\\\/\\\/oliodelbianco.it\\\/wp-content\\\/uploads\\\/2022\\\/05\\\/mortaio.jpg\",\"contentUrl\":\"https:\\\/\\\/oliodelbianco.it\\\/wp-content\\\/uploads\\\/2022\\\/05\\\/mortaio.jpg\",\"width\":1200,\"height\":1200},{\"@type\":\"BreadcrumbList\",\"@id\":\"https:\\\/\\\/oliodelbianco.it\\\/de\\\/prodotto\\\/handgefertigter-olivenmoerser\\\/#breadcrumb\",\"itemListElement\":[{\"@type\":\"ListItem\",\"position\":1,\"name\":\"Home\",\"item\":\"https:\\\/\\\/oliodelbianco.it\\\/de\\\/\"},{\"@type\":\"ListItem\",\"position\":2,\"name\":\"Gesch\u00e4ft\",\"item\":\"https:\\\/\\\/oliodelbianco.it\\\/de\\\/geschaft\\\/\"},{\"@type\":\"ListItem\",\"position\":3,\"name\":\"Handgefertigter Olivenm\u00f6rser\"}]},{\"@type\":\"WebSite\",\"@id\":\"https:\\\/\\\/oliodelbianco.it\\\/de\\\/#website\",\"url\":\"https:\\\/\\\/oliodelbianco.it\\\/de\\\/\",\"name\":\"Olio Del Bianco\",\"description\":\"Extra Vergine d\u2019Oliva dei colli Assisi-Spoleto\",\"publisher\":{\"@id\":\"https:\\\/\\\/oliodelbianco.it\\\/de\\\/#organization\"},\"potentialAction\":[{\"@type\":\"SearchAction\",\"target\":{\"@type\":\"EntryPoint\",\"urlTemplate\":\"https:\\\/\\\/oliodelbianco.it\\\/de\\\/?s={search_term_string}\"},\"query-input\":{\"@type\":\"PropertyValueSpecification\",\"valueRequired\":true,\"valueName\":\"search_term_string\"}}],\"inLanguage\":\"de\"},{\"@type\":\"Organization\",\"@id\":\"https:\\\/\\\/oliodelbianco.it\\\/de\\\/#organization\",\"name\":\"Olio Del Bianco\",\"url\":\"https:\\\/\\\/oliodelbianco.it\\\/de\\\/\",\"logo\":{\"@type\":\"ImageObject\",\"inLanguage\":\"de\",\"@id\":\"https:\\\/\\\/oliodelbianco.it\\\/de\\\/#\\\/schema\\\/logo\\\/image\\\/\",\"url\":\"https:\\\/\\\/oliodelbianco.it\\\/wp-content\\\/uploads\\\/2022\\\/05\\\/logo-delbianco.png\",\"contentUrl\":\"https:\\\/\\\/oliodelbianco.it\\\/wp-content\\\/uploads\\\/2022\\\/05\\\/logo-delbianco.png\",\"width\":300,\"height\":300,\"caption\":\"Olio Del Bianco\"},\"image\":{\"@id\":\"https:\\\/\\\/oliodelbianco.it\\\/de\\\/#\\\/schema\\\/logo\\\/image\\\/\"},\"sameAs\":[\"https:\\\/\\\/www.facebook.com\\\/oliodelbianco\",\"https:\\\/\\\/www.instagram.com\\\/oliodelbianco\",\"https:\\\/\\\/vimeo.com\\\/oliodelbianco\"]}]}<\/script>\n<!-- \/ Yoast SEO plugin. -->","yoast_head_json":{"title":"Olivenholzm\u00f6rtel| Olio Del Bianco","description":"M\u00f6rser aus Olivenholz aus dem Beschneiden unserer Pflanzen von den Colli Assisi Spoleto.","robots":{"index":"index","follow":"follow","max-snippet":"max-snippet:-1","max-image-preview":"max-image-preview:large","max-video-preview":"max-video-preview:-1"},"canonical":"https:\/\/oliodelbianco.it\/de\/prodotto\/handgefertigter-olivenmoerser\/","og_locale":"de_DE","og_type":"article","og_title":"Olivenholzm\u00f6rtel| Olio Del Bianco","og_description":"M\u00f6rser aus Olivenholz aus dem Beschneiden unserer Pflanzen von den Colli Assisi Spoleto.","og_url":"https:\/\/oliodelbianco.it\/de\/prodotto\/handgefertigter-olivenmoerser\/","og_site_name":"Olio Del Bianco","article_publisher":"https:\/\/www.facebook.com\/oliodelbianco","og_image":[{"width":1200,"height":1200,"url":"https:\/\/oliodelbianco.it\/wp-content\/uploads\/2022\/05\/mortaio.jpg","type":"image\/jpeg"}],"twitter_card":"summary_large_image","schema":{"@context":"https:\/\/schema.org","@graph":[{"@type":"WebPage","@id":"https:\/\/oliodelbianco.it\/de\/prodotto\/handgefertigter-olivenmoerser\/","url":"https:\/\/oliodelbianco.it\/de\/prodotto\/handgefertigter-olivenmoerser\/","name":"Olivenholzm\u00f6rtel| Olio Del Bianco","isPartOf":{"@id":"https:\/\/oliodelbianco.it\/de\/#website"},"primaryImageOfPage":{"@id":"https:\/\/oliodelbianco.it\/de\/prodotto\/handgefertigter-olivenmoerser\/#primaryimage"},"image":{"@id":"https:\/\/oliodelbianco.it\/de\/prodotto\/handgefertigter-olivenmoerser\/#primaryimage"},"thumbnailUrl":"https:\/\/oliodelbianco.it\/wp-content\/uploads\/2022\/05\/mortaio.jpg","datePublished":"2022-05-12T08:41:50+00:00","description":"M\u00f6rser aus Olivenholz aus dem Beschneiden unserer Pflanzen von den Colli Assisi Spoleto.","breadcrumb":{"@id":"https:\/\/oliodelbianco.it\/de\/prodotto\/handgefertigter-olivenmoerser\/#breadcrumb"},"inLanguage":"de","potentialAction":[{"@type":"ReadAction","target":["https:\/\/oliodelbianco.it\/de\/prodotto\/handgefertigter-olivenmoerser\/"]}]},{"@type":"ImageObject","inLanguage":"de","@id":"https:\/\/oliodelbianco.it\/de\/prodotto\/handgefertigter-olivenmoerser\/#primaryimage","url":"https:\/\/oliodelbianco.it\/wp-content\/uploads\/2022\/05\/mortaio.jpg","contentUrl":"https:\/\/oliodelbianco.it\/wp-content\/uploads\/2022\/05\/mortaio.jpg","width":1200,"height":1200},{"@type":"BreadcrumbList","@id":"https:\/\/oliodelbianco.it\/de\/prodotto\/handgefertigter-olivenmoerser\/#breadcrumb","itemListElement":[{"@type":"ListItem","position":1,"name":"Home","item":"https:\/\/oliodelbianco.it\/de\/"},{"@type":"ListItem","position":2,"name":"Gesch\u00e4ft","item":"https:\/\/oliodelbianco.it\/de\/geschaft\/"},{"@type":"ListItem","position":3,"name":"Handgefertigter Olivenm\u00f6rser"}]},{"@type":"WebSite","@id":"https:\/\/oliodelbianco.it\/de\/#website","url":"https:\/\/oliodelbianco.it\/de\/","name":"Olio Del Bianco","description":"Extra Vergine d\u2019Oliva dei colli Assisi-Spoleto","publisher":{"@id":"https:\/\/oliodelbianco.it\/de\/#organization"},"potentialAction":[{"@type":"SearchAction","target":{"@type":"EntryPoint","urlTemplate":"https:\/\/oliodelbianco.it\/de\/?s={search_term_string}"},"query-input":{"@type":"PropertyValueSpecification","valueRequired":true,"valueName":"search_term_string"}}],"inLanguage":"de"},{"@type":"Organization","@id":"https:\/\/oliodelbianco.it\/de\/#organization","name":"Olio Del Bianco","url":"https:\/\/oliodelbianco.it\/de\/","logo":{"@type":"ImageObject","inLanguage":"de","@id":"https:\/\/oliodelbianco.it\/de\/#\/schema\/logo\/image\/","url":"https:\/\/oliodelbianco.it\/wp-content\/uploads\/2022\/05\/logo-delbianco.png","contentUrl":"https:\/\/oliodelbianco.it\/wp-content\/uploads\/2022\/05\/logo-delbianco.png","width":300,"height":300,"caption":"Olio Del Bianco"},"image":{"@id":"https:\/\/oliodelbianco.it\/de\/#\/schema\/logo\/image\/"},"sameAs":["https:\/\/www.facebook.com\/oliodelbianco","https:\/\/www.instagram.com\/oliodelbianco","https:\/\/vimeo.com\/oliodelbianco"]}]}},"_links":{"self":[{"href":"https:\/\/oliodelbianco.it\/de\/wp-json\/wp\/v2\/product\/1027","targetHints":{"allow":["GET"]}}],"collection":[{"href":"https:\/\/oliodelbianco.it\/de\/wp-json\/wp\/v2\/product"}],"about":[{"href":"https:\/\/oliodelbianco.it\/de\/wp-json\/wp\/v2\/types\/product"}],"replies":[{"embeddable":true,"href":"https:\/\/oliodelbianco.it\/de\/wp-json\/wp\/v2\/comments?post=1027"}],"wp:featuredmedia":[{"embeddable":true,"href":"https:\/\/oliodelbianco.it\/de\/wp-json\/wp\/v2\/media\/1028"}],"wp:attachment":[{"href":"https:\/\/oliodelbianco.it\/de\/wp-json\/wp\/v2\/media?parent=1027"}],"wp:term":[{"taxonomy":"product_brand","embeddable":true,"href":"https:\/\/oliodelbianco.it\/de\/wp-json\/wp\/v2\/product_brand?post=1027"},{"taxonomy":"product_cat","embeddable":true,"href":"https:\/\/oliodelbianco.it\/de\/wp-json\/wp\/v2\/product_cat?post=1027"},{"taxonomy":"product_tag","embeddable":true,"href":"https:\/\/oliodelbianco.it\/de\/wp-json\/wp\/v2\/product_tag?post=1027"}],"curies":[{"name":"wp","href":"https:\/\/api.w.org\/{rel}","templated":true}]}}