{"id":1007,"date":"2024-05-21T10:03:02","date_gmt":"2024-05-21T10:03:02","guid":{"rendered":"https:\/\/oliodelbianco.it\/prodotto\/plinio-il-giovane-2\/"},"modified":"2024-06-19T15:32:10","modified_gmt":"2024-06-19T15:32:10","slug":"plinio-il-giovane-2","status":"publish","type":"product","link":"https:\/\/oliodelbianco.it\/de\/prodotto\/plinio-il-giovane-2\/","title":{"rendered":"Plinio Il Giovane"},"content":{"rendered":"<p><strong>KULINARISCHE VERWENDUNGEN:<\/strong> sehr n\u00fctzlich als Rohw\u00fcrzmittel f\u00fcr alle Gerichte. Besonders geeignet f\u00fcr rohes und gegrilltes Gem\u00fcse, gekochte H\u00fclsenfr\u00fcchte, Tartar und Fischgerichte.<\/p>\n<p>.Der Name ist eine Hommage an <strong>Plinius den J\u00fcngeren <\/strong> (r\u00f6mischer Gelehrter), von dessen Onkel <strong>Plinius dem \u00c4lteren<\/strong> der ber\u00fchmte Satz &#8222;<em>Je besser das \u00d6l, desto unreifer die Olive&#8220;<\/em> stammt ( Naturalis Historiae)<em>.<\/em><\/p>\n<p>Es ist bekannt, dass die alten R\u00f6mer gro\u00dfe Kenner des Oliven\u00f6ls waren und dass die Qualit\u00e4t des \u00d6ls vor allem durch den Reifegrad der Oliven selbst beeinflusst wurde.<\/p>\n","protected":false},"excerpt":{"rendered":"<p>Natives Oliven\u00f6l extra aus der allerersten Ernte im September.<br \/>\nEine Mischung aus den autochthonen umbrischen Sorten Leccino und Frantoio, die von den jahrhundertealten Olivenb\u00e4umen der <strong>Assisi-H\u00fcgel<\/strong> stammen.<\/p>\n<p>Gr\u00fcnes \u00d6l mit pflanzlichen Noten von geschnittenem Gras und Artischocke, Mandel, mit einem sehr intensiven und robusten Duft.<br \/>\nEr ist der unbestrittene Protagonist jedes Gerichts und wirkt dennoch leicht, ohne die gastronomischen Zubereitungen aus dem Gleichgewicht zu bringen.<\/p>\n<p><strong>FORMAT:<\/strong> <strong>0,5 Liter mit Sonderverpackung, in einer LIMITIERTEN UND NUMMERIERTEN Auflage.<\/strong><\/p>\n","protected":false},"featured_media":1008,"comment_status":"closed","ping_status":"closed","template":"","meta":{"_monsterinsights_skip_tracking":false,"_monsterinsights_sitenote_active":false,"_monsterinsights_sitenote_note":"","_monsterinsights_sitenote_category":0},"product_brand":[],"product_cat":[64],"product_tag":[],"class_list":{"0":"post-1007","1":"product","2":"type-product","3":"status-publish","4":"has-post-thumbnail","6":"product_cat-ultra-navites-olivenol","8":"first","9":"instock","10":"shipping-taxable","11":"purchasable","12":"product-type-simple"},"yoast_head":"<!-- This site is optimized with the Yoast SEO plugin v27.4 - https:\/\/yoast.com\/product\/yoast-seo-wordpress\/ -->\n<title>Plinio Il Giovane - Olio Del Bianco<\/title>\n<meta name=\"robots\" content=\"index, follow, max-snippet:-1, max-image-preview:large, max-video-preview:-1\" \/>\n<link rel=\"canonical\" href=\"https:\/\/oliodelbianco.it\/de\/prodotto\/plinio-il-giovane-2\/\" \/>\n<meta property=\"og:locale\" content=\"de_DE\" \/>\n<meta property=\"og:type\" content=\"article\" \/>\n<meta property=\"og:title\" content=\"Plinio Il Giovane - Olio Del Bianco\" \/>\n<meta property=\"og:description\" content=\"Natives Oliven\u00f6l extra aus der allerersten Ernte im September. Eine Mischung aus den autochthonen umbrischen Sorten Leccino und Frantoio, die von den jahrhundertealten Olivenb\u00e4umen der Assisi-H\u00fcgel stammen. Gr\u00fcnes \u00d6l mit pflanzlichen Noten von geschnittenem Gras und Artischocke, Mandel, mit einem sehr intensiven und robusten Duft. Er ist der unbestrittene Protagonist jedes Gerichts und wirkt dennoch leicht, ohne die gastronomischen Zubereitungen aus dem Gleichgewicht zu bringen. FORMAT: 0,5 Liter mit Sonderverpackung, in einer LIMITIERTEN UND NUMMERIERTEN Auflage.\" \/>\n<meta property=\"og:url\" content=\"https:\/\/oliodelbianco.it\/de\/prodotto\/plinio-il-giovane-2\/\" \/>\n<meta property=\"og:site_name\" content=\"Olio Del Bianco\" \/>\n<meta property=\"article:publisher\" content=\"https:\/\/www.facebook.com\/oliodelbianco\" \/>\n<meta property=\"article:modified_time\" content=\"2024-06-19T15:32:10+00:00\" \/>\n<meta property=\"og:image\" content=\"https:\/\/oliodelbianco.it\/wp-content\/uploads\/2024\/05\/olio-plinio-il-giovane.webp\" \/>\n\t<meta property=\"og:image:width\" content=\"1200\" \/>\n\t<meta property=\"og:image:height\" content=\"1200\" \/>\n\t<meta property=\"og:image:type\" content=\"image\/webp\" \/>\n<meta name=\"twitter:card\" content=\"summary_large_image\" \/>\n<script type=\"application\/ld+json\" class=\"yoast-schema-graph\">{\"@context\":\"https:\\\/\\\/schema.org\",\"@graph\":[{\"@type\":\"WebPage\",\"@id\":\"https:\\\/\\\/oliodelbianco.it\\\/de\\\/prodotto\\\/plinio-il-giovane-2\\\/\",\"url\":\"https:\\\/\\\/oliodelbianco.it\\\/de\\\/prodotto\\\/plinio-il-giovane-2\\\/\",\"name\":\"Plinio Il Giovane - Olio Del Bianco\",\"isPartOf\":{\"@id\":\"https:\\\/\\\/oliodelbianco.it\\\/de\\\/#website\"},\"primaryImageOfPage\":{\"@id\":\"https:\\\/\\\/oliodelbianco.it\\\/de\\\/prodotto\\\/plinio-il-giovane-2\\\/#primaryimage\"},\"image\":{\"@id\":\"https:\\\/\\\/oliodelbianco.it\\\/de\\\/prodotto\\\/plinio-il-giovane-2\\\/#primaryimage\"},\"thumbnailUrl\":\"https:\\\/\\\/oliodelbianco.it\\\/wp-content\\\/uploads\\\/2024\\\/05\\\/olio-plinio-il-giovane.webp\",\"datePublished\":\"2024-05-21T10:03:02+00:00\",\"dateModified\":\"2024-06-19T15:32:10+00:00\",\"breadcrumb\":{\"@id\":\"https:\\\/\\\/oliodelbianco.it\\\/de\\\/prodotto\\\/plinio-il-giovane-2\\\/#breadcrumb\"},\"inLanguage\":\"de\",\"potentialAction\":[{\"@type\":\"ReadAction\",\"target\":[\"https:\\\/\\\/oliodelbianco.it\\\/de\\\/prodotto\\\/plinio-il-giovane-2\\\/\"]}]},{\"@type\":\"ImageObject\",\"inLanguage\":\"de\",\"@id\":\"https:\\\/\\\/oliodelbianco.it\\\/de\\\/prodotto\\\/plinio-il-giovane-2\\\/#primaryimage\",\"url\":\"https:\\\/\\\/oliodelbianco.it\\\/wp-content\\\/uploads\\\/2024\\\/05\\\/olio-plinio-il-giovane.webp\",\"contentUrl\":\"https:\\\/\\\/oliodelbianco.it\\\/wp-content\\\/uploads\\\/2024\\\/05\\\/olio-plinio-il-giovane.webp\",\"width\":1200,\"height\":1200},{\"@type\":\"BreadcrumbList\",\"@id\":\"https:\\\/\\\/oliodelbianco.it\\\/de\\\/prodotto\\\/plinio-il-giovane-2\\\/#breadcrumb\",\"itemListElement\":[{\"@type\":\"ListItem\",\"position\":1,\"name\":\"Home\",\"item\":\"https:\\\/\\\/oliodelbianco.it\\\/de\\\/\"},{\"@type\":\"ListItem\",\"position\":2,\"name\":\"Gesch\u00e4ft\",\"item\":\"https:\\\/\\\/oliodelbianco.it\\\/de\\\/geschaft\\\/\"},{\"@type\":\"ListItem\",\"position\":3,\"name\":\"Plinio Il Giovane\"}]},{\"@type\":\"WebSite\",\"@id\":\"https:\\\/\\\/oliodelbianco.it\\\/de\\\/#website\",\"url\":\"https:\\\/\\\/oliodelbianco.it\\\/de\\\/\",\"name\":\"Olio Del Bianco\",\"description\":\"Extra Vergine d\u2019Oliva dei colli Assisi-Spoleto\",\"publisher\":{\"@id\":\"https:\\\/\\\/oliodelbianco.it\\\/de\\\/#organization\"},\"potentialAction\":[{\"@type\":\"SearchAction\",\"target\":{\"@type\":\"EntryPoint\",\"urlTemplate\":\"https:\\\/\\\/oliodelbianco.it\\\/de\\\/?s={search_term_string}\"},\"query-input\":{\"@type\":\"PropertyValueSpecification\",\"valueRequired\":true,\"valueName\":\"search_term_string\"}}],\"inLanguage\":\"de\"},{\"@type\":\"Organization\",\"@id\":\"https:\\\/\\\/oliodelbianco.it\\\/de\\\/#organization\",\"name\":\"Olio Del Bianco\",\"url\":\"https:\\\/\\\/oliodelbianco.it\\\/de\\\/\",\"logo\":{\"@type\":\"ImageObject\",\"inLanguage\":\"de\",\"@id\":\"https:\\\/\\\/oliodelbianco.it\\\/de\\\/#\\\/schema\\\/logo\\\/image\\\/\",\"url\":\"https:\\\/\\\/oliodelbianco.it\\\/wp-content\\\/uploads\\\/2022\\\/05\\\/logo-delbianco.png\",\"contentUrl\":\"https:\\\/\\\/oliodelbianco.it\\\/wp-content\\\/uploads\\\/2022\\\/05\\\/logo-delbianco.png\",\"width\":300,\"height\":300,\"caption\":\"Olio Del Bianco\"},\"image\":{\"@id\":\"https:\\\/\\\/oliodelbianco.it\\\/de\\\/#\\\/schema\\\/logo\\\/image\\\/\"},\"sameAs\":[\"https:\\\/\\\/www.facebook.com\\\/oliodelbianco\",\"https:\\\/\\\/www.instagram.com\\\/oliodelbianco\",\"https:\\\/\\\/vimeo.com\\\/oliodelbianco\"]}]}<\/script>\n<!-- \/ Yoast SEO plugin. -->","yoast_head_json":{"title":"Plinio Il Giovane - Olio Del Bianco","robots":{"index":"index","follow":"follow","max-snippet":"max-snippet:-1","max-image-preview":"max-image-preview:large","max-video-preview":"max-video-preview:-1"},"canonical":"https:\/\/oliodelbianco.it\/de\/prodotto\/plinio-il-giovane-2\/","og_locale":"de_DE","og_type":"article","og_title":"Plinio Il Giovane - Olio Del Bianco","og_description":"Natives Oliven\u00f6l extra aus der allerersten Ernte im September. Eine Mischung aus den autochthonen umbrischen Sorten Leccino und Frantoio, die von den jahrhundertealten Olivenb\u00e4umen der Assisi-H\u00fcgel stammen. Gr\u00fcnes \u00d6l mit pflanzlichen Noten von geschnittenem Gras und Artischocke, Mandel, mit einem sehr intensiven und robusten Duft. Er ist der unbestrittene Protagonist jedes Gerichts und wirkt dennoch leicht, ohne die gastronomischen Zubereitungen aus dem Gleichgewicht zu bringen. FORMAT: 0,5 Liter mit Sonderverpackung, in einer LIMITIERTEN UND NUMMERIERTEN Auflage.","og_url":"https:\/\/oliodelbianco.it\/de\/prodotto\/plinio-il-giovane-2\/","og_site_name":"Olio Del Bianco","article_publisher":"https:\/\/www.facebook.com\/oliodelbianco","article_modified_time":"2024-06-19T15:32:10+00:00","og_image":[{"width":1200,"height":1200,"url":"https:\/\/oliodelbianco.it\/wp-content\/uploads\/2024\/05\/olio-plinio-il-giovane.webp","type":"image\/webp"}],"twitter_card":"summary_large_image","schema":{"@context":"https:\/\/schema.org","@graph":[{"@type":"WebPage","@id":"https:\/\/oliodelbianco.it\/de\/prodotto\/plinio-il-giovane-2\/","url":"https:\/\/oliodelbianco.it\/de\/prodotto\/plinio-il-giovane-2\/","name":"Plinio Il Giovane - Olio Del Bianco","isPartOf":{"@id":"https:\/\/oliodelbianco.it\/de\/#website"},"primaryImageOfPage":{"@id":"https:\/\/oliodelbianco.it\/de\/prodotto\/plinio-il-giovane-2\/#primaryimage"},"image":{"@id":"https:\/\/oliodelbianco.it\/de\/prodotto\/plinio-il-giovane-2\/#primaryimage"},"thumbnailUrl":"https:\/\/oliodelbianco.it\/wp-content\/uploads\/2024\/05\/olio-plinio-il-giovane.webp","datePublished":"2024-05-21T10:03:02+00:00","dateModified":"2024-06-19T15:32:10+00:00","breadcrumb":{"@id":"https:\/\/oliodelbianco.it\/de\/prodotto\/plinio-il-giovane-2\/#breadcrumb"},"inLanguage":"de","potentialAction":[{"@type":"ReadAction","target":["https:\/\/oliodelbianco.it\/de\/prodotto\/plinio-il-giovane-2\/"]}]},{"@type":"ImageObject","inLanguage":"de","@id":"https:\/\/oliodelbianco.it\/de\/prodotto\/plinio-il-giovane-2\/#primaryimage","url":"https:\/\/oliodelbianco.it\/wp-content\/uploads\/2024\/05\/olio-plinio-il-giovane.webp","contentUrl":"https:\/\/oliodelbianco.it\/wp-content\/uploads\/2024\/05\/olio-plinio-il-giovane.webp","width":1200,"height":1200},{"@type":"BreadcrumbList","@id":"https:\/\/oliodelbianco.it\/de\/prodotto\/plinio-il-giovane-2\/#breadcrumb","itemListElement":[{"@type":"ListItem","position":1,"name":"Home","item":"https:\/\/oliodelbianco.it\/de\/"},{"@type":"ListItem","position":2,"name":"Gesch\u00e4ft","item":"https:\/\/oliodelbianco.it\/de\/geschaft\/"},{"@type":"ListItem","position":3,"name":"Plinio Il Giovane"}]},{"@type":"WebSite","@id":"https:\/\/oliodelbianco.it\/de\/#website","url":"https:\/\/oliodelbianco.it\/de\/","name":"Olio Del Bianco","description":"Extra Vergine d\u2019Oliva dei colli Assisi-Spoleto","publisher":{"@id":"https:\/\/oliodelbianco.it\/de\/#organization"},"potentialAction":[{"@type":"SearchAction","target":{"@type":"EntryPoint","urlTemplate":"https:\/\/oliodelbianco.it\/de\/?s={search_term_string}"},"query-input":{"@type":"PropertyValueSpecification","valueRequired":true,"valueName":"search_term_string"}}],"inLanguage":"de"},{"@type":"Organization","@id":"https:\/\/oliodelbianco.it\/de\/#organization","name":"Olio Del Bianco","url":"https:\/\/oliodelbianco.it\/de\/","logo":{"@type":"ImageObject","inLanguage":"de","@id":"https:\/\/oliodelbianco.it\/de\/#\/schema\/logo\/image\/","url":"https:\/\/oliodelbianco.it\/wp-content\/uploads\/2022\/05\/logo-delbianco.png","contentUrl":"https:\/\/oliodelbianco.it\/wp-content\/uploads\/2022\/05\/logo-delbianco.png","width":300,"height":300,"caption":"Olio Del Bianco"},"image":{"@id":"https:\/\/oliodelbianco.it\/de\/#\/schema\/logo\/image\/"},"sameAs":["https:\/\/www.facebook.com\/oliodelbianco","https:\/\/www.instagram.com\/oliodelbianco","https:\/\/vimeo.com\/oliodelbianco"]}]}},"_links":{"self":[{"href":"https:\/\/oliodelbianco.it\/de\/wp-json\/wp\/v2\/product\/1007","targetHints":{"allow":["GET"]}}],"collection":[{"href":"https:\/\/oliodelbianco.it\/de\/wp-json\/wp\/v2\/product"}],"about":[{"href":"https:\/\/oliodelbianco.it\/de\/wp-json\/wp\/v2\/types\/product"}],"replies":[{"embeddable":true,"href":"https:\/\/oliodelbianco.it\/de\/wp-json\/wp\/v2\/comments?post=1007"}],"wp:featuredmedia":[{"embeddable":true,"href":"https:\/\/oliodelbianco.it\/de\/wp-json\/wp\/v2\/media\/1008"}],"wp:attachment":[{"href":"https:\/\/oliodelbianco.it\/de\/wp-json\/wp\/v2\/media?parent=1007"}],"wp:term":[{"taxonomy":"product_brand","embeddable":true,"href":"https:\/\/oliodelbianco.it\/de\/wp-json\/wp\/v2\/product_brand?post=1007"},{"taxonomy":"product_cat","embeddable":true,"href":"https:\/\/oliodelbianco.it\/de\/wp-json\/wp\/v2\/product_cat?post=1007"},{"taxonomy":"product_tag","embeddable":true,"href":"https:\/\/oliodelbianco.it\/de\/wp-json\/wp\/v2\/product_tag?post=1007"}],"curies":[{"name":"wp","href":"https:\/\/api.w.org\/{rel}","templated":true}]}}