{"id":1079,"date":"2022-05-11T08:32:11","date_gmt":"2022-05-11T08:32:11","guid":{"rendered":"https:\/\/oliodelbianco.it\/kontakt\/"},"modified":"2024-06-24T15:45:34","modified_gmt":"2024-06-24T15:45:34","slug":"kontakt","status":"publish","type":"page","link":"https:\/\/oliodelbianco.it\/de\/kontakt\/","title":{"rendered":"Kontakt"},"content":{"rendered":"<div class=\"wpb-content-wrapper\"><p>[vc_row row_height_percent=&#8220;0&#8243; override_padding=&#8220;yes&#8220; h_padding=&#8220;2&#8243; top_padding=&#8220;0&#8243; bottom_padding=&#8220;5&#8243; back_color=&#8220;color-gyho&#8220; overlay_alpha=&#8220;50&#8243; gutter_size=&#8220;3&#8243; column_width_percent=&#8220;100&#8243; shift_y=&#8220;0&#8243; z_index=&#8220;0&#8243;][vc_column column_width_percent=&#8220;100&#8243; gutter_size=&#8220;4&#8243; overlay_alpha=&#8220;50&#8243; shift_x=&#8220;0&#8243; shift_y=&#8220;0&#8243; shift_y_down=&#8220;0&#8243; z_index=&#8220;0&#8243; medium_width=&#8220;0&#8243; mobile_width=&#8220;0&#8243; width=&#8220;1\/1&#8243;][vc_row_inner row_inner_height_percent=&#8220;0&#8243; overlay_alpha=&#8220;50&#8243; gutter_size=&#8220;4&#8243; shift_y=&#8220;0&#8243;][vc_column_inner column_width_percent=&#8220;100&#8243; gutter_size=&#8220;4&#8243; overlay_alpha=&#8220;50&#8243; shift_x=&#8220;0&#8243; shift_y=&#8220;0&#8243; shift_y_down=&#8220;0&#8243; z_index=&#8220;0&#8243; medium_width=&#8220;0&#8243; mobile_width=&#8220;0&#8243; sticky=&#8220;yes&#8220; width=&#8220;3\/12&#8243;][vc_empty_space empty_h=&#8220;2&#8243; mobile_visibility=&#8220;yes&#8220;][vc_icon position=&#8220;left&#8220; icon=&#8220;fa fa-phone&#8220; icon_color=&#8220;accent&#8220; size=&#8220;fa-2x&#8220; heading_semantic=&#8220;h6&#8243; text_size=&#8220;h6&#8243; linked_title=&#8220;yes&#8220; title=&#8220;+39 334 7490 948&#8243; link=&#8220;url:tel%3A%2B393347490948|&#8220; uncode_shortcode_id=&#8220;886232&#8243; icon_color_type=&#8220;uncode-palette&#8220;][\/vc_icon][vc_icon position=&#8220;left&#8220; icon=&#8220;fa fa-map-marker&#8220; icon_color=&#8220;accent&#8220; size=&#8220;fa-2x&#8220; heading_semantic=&#8220;h6&#8243; text_size=&#8220;h6&#8243; linked_title=&#8220;yes&#8220; title=&#8220;\u00d6ffnen Sie Google Maps&#8220; link=&#8220;url:https%3A%2F%2Fwww.google.it%2Fmaps%2Fplace%2Fvia%2Bbeviglie%2B24%252Fa%2F%4043.1013639%2C12.5788785%2C17z%2Fdata%3D%213m1%214b1%214m5%213m4%211s0x132c27ae6e69d599%3A0x3fc2e198000187a7%218m2%213d43.1013639%214d12.5810672%3Fhl%3Dit%26authuser%3D0|&#8220; uncode_shortcode_id=&#8220;210697&#8243; icon_color_type=&#8220;uncode-palette&#8220;][\/vc_icon][vc_icon position=&#8220;left&#8220; icon=&#8220;fa fa-envelope&#8220; icon_color=&#8220;accent&#8220; size=&#8220;fa-2x&#8220; heading_semantic=&#8220;h6&#8243; text_size=&#8220;h6&#8243; linked_title=&#8220;yes&#8220; title=&#8220;info@oliodelbianco.it&#8220; link=&#8220;url:mailto%3Ainfo%40oliodelbianco.it|&#8220; uncode_shortcode_id=&#8220;141353&#8243; icon_color_type=&#8220;uncode-palette&#8220;][\/vc_icon][\/vc_column_inner][vc_column_inner column_width_percent=&#8220;100&#8243; gutter_size=&#8220;3&#8243; override_padding=&#8220;yes&#8220; column_padding=&#8220;3&#8243; back_color=&#8220;color-xsdn&#8220; overlay_alpha=&#8220;50&#8243; shift_x=&#8220;0&#8243; shift_y=&#8220;-4&#8243; shift_y_down=&#8220;0&#8243; z_index=&#8220;0&#8243; medium_width=&#8220;0&#8243; mobile_width=&#8220;0&#8243; radius=&#8220;sm&#8220; shadow=&#8220;lg&#8220; width=&#8220;9\/12&#8243;][vc_custom_heading heading_semantic=&#8220;h3&#8243; text_size=&#8220;h4&#8243; text_transform=&#8220;uppercase&#8220; subheading=&#8220;F\u00fcllen Sie dieses Formular aus und unsere Mitarbeiter werden sich so schnell wie m\u00f6glich mit Ihnen in Verbindung setzen.&#8220; uncode_shortcode_id=&#8220;104691&#8243;]M\u00f6chten Sie mehr \u00fcber unser natives Oliven\u00f6l extra erfahren?[\/vc_custom_heading]\n<div class=\"wpcf7 no-js\" id=\"wpcf7-f219-o1\" lang=\"it-IT\" dir=\"ltr\" data-wpcf7-id=\"219\">\n<div class=\"screen-reader-response\"><p role=\"status\" aria-live=\"polite\" aria-atomic=\"true\"><\/p> <ul><\/ul><\/div>\n<form action=\"\/de\/wp-json\/wp\/v2\/pages\/1079#wpcf7-f219-o1\" method=\"post\" class=\"wpcf7-form init\" aria-label=\"Modulo di contatto\" novalidate=\"novalidate\" data-status=\"init\">\n<fieldset class=\"hidden-fields-container\"><input type=\"hidden\" name=\"_wpcf7\" value=\"219\" \/><input type=\"hidden\" name=\"_wpcf7_version\" value=\"6.1.5\" \/><input type=\"hidden\" name=\"_wpcf7_locale\" value=\"it_IT\" \/><input type=\"hidden\" name=\"_wpcf7_unit_tag\" value=\"wpcf7-f219-o1\" \/><input type=\"hidden\" name=\"_wpcf7_container_post\" value=\"0\" \/><input type=\"hidden\" name=\"_wpcf7_posted_data_hash\" value=\"\" \/><input type=\"hidden\" name=\"_wpcf7_recaptcha_response\" value=\"\" \/>\n<\/fieldset>\n<p><span class=\"wpcf7-form-control-wrap\" data-name=\"your-name\"><input size=\"40\" maxlength=\"400\" class=\"wpcf7-form-control wpcf7-text wpcf7-validates-as-required form-fluid\" aria-required=\"true\" aria-invalid=\"false\" placeholder=\"Inserisci il tuo nome\" value=\"\" type=\"text\" name=\"your-name\" \/><\/span>\n<\/p>\n<p><span class=\"wpcf7-form-control-wrap\" data-name=\"your-email\"><input size=\"40\" maxlength=\"400\" class=\"wpcf7-form-control wpcf7-email wpcf7-validates-as-required wpcf7-text wpcf7-validates-as-email form-fluid\" aria-required=\"true\" aria-invalid=\"false\" placeholder=\"Inserisci la tua email\" value=\"\" type=\"email\" name=\"your-email\" \/><\/span>\n<\/p>\n<p><span class=\"wpcf7-form-control-wrap\" data-name=\"your-message\"><textarea cols=\"40\" rows=\"4\" maxlength=\"2000\" class=\"wpcf7-form-control wpcf7-textarea\" aria-invalid=\"false\" placeholder=\"Scrivi il messaggio\" name=\"your-message\"><\/textarea><\/span>\n<\/p>\n<p><span class=\"wpcf7-form-control-wrap\" data-name=\"accept-privacy\"><span class=\"wpcf7-form-control wpcf7-acceptance\"><span class=\"wpcf7-list-item\"><label><input type=\"checkbox\" name=\"accept-privacy\" value=\"1\" aria-invalid=\"false\" \/><span class=\"wpcf7-list-item-label\">Accetto i termini di utilizzo dei miei dati (<a href=\"https:\/\/oliodelbianco.it\/privacy-policy\/\" target=\"_blank\">Privacy Policy<\/a>)<\/span><\/label><\/span><\/span><\/span>\n<\/p>\n<p><input class=\"wpcf7-form-control wpcf7-submit has-spinner btn btn-accent btn-block\" type=\"submit\" value=\"Invia il messaggio\" \/>\n<\/p><div class=\"wpcf7-response-output\" aria-hidden=\"true\"><\/div>\n<\/form>\n<\/div>\n[\/vc_column_inner][\/vc_row_inner][\/vc_column][\/vc_row]<\/p>\n<\/div>","protected":false},"excerpt":{"rendered":"<p>[vc_row row_height_percent=&#8220;0&#8243; override_padding=&#8220;yes&#8220; h_padding=&#8220;2&#8243; top_padding=&#8220;0&#8243; bottom_padding=&#8220;5&#8243; back_color=&#8220;color-gyho&#8220; overlay_alpha=&#8220;50&#8243; gutter_size=&#8220;3&#8243; column_width_percent=&#8220;100&#8243; shift_y=&#8220;0&#8243; z_index=&#8220;0&#8243;][vc_column column_width_percent=&#8220;100&#8243; gutter_size=&#8220;4&#8243; overlay_alpha=&#8220;50&#8243; shift_x=&#8220;0&#8243; shift_y=&#8220;0&#8243; shift_y_down=&#8220;0&#8243; z_index=&#8220;0&#8243; medium_width=&#8220;0&#8243; [&hellip;]<\/p>\n","protected":false},"author":5,"featured_media":302,"parent":0,"menu_order":0,"comment_status":"closed","ping_status":"closed","template":"","meta":{"_monsterinsights_skip_tracking":false,"_monsterinsights_sitenote_active":false,"_monsterinsights_sitenote_note":"","_monsterinsights_sitenote_category":0,"footnotes":""},"class_list":["post-1079","page","type-page","status-publish","has-post-thumbnail","hentry"],"yoast_head":"<!-- This site is optimized with the Yoast SEO plugin v27.4 - https:\/\/yoast.com\/product\/yoast-seo-wordpress\/ -->\n<title>Kontakt | Olio Del Bianco<\/title>\n<meta name=\"description\" content=\"Auf dieser Seite finden Sie alle Referenzen, um uns zu kontaktieren und Informationen \u00fcber unser EVO-\u00d6l anzufordern, das in Assisi, Umbrien, hergestellt wird.\" \/>\n<meta name=\"robots\" content=\"index, follow, max-snippet:-1, max-image-preview:large, max-video-preview:-1\" \/>\n<link rel=\"canonical\" href=\"https:\/\/oliodelbianco.it\/de\/kontakt\/\" \/>\n<meta property=\"og:locale\" content=\"de_DE\" \/>\n<meta property=\"og:type\" content=\"article\" \/>\n<meta property=\"og:title\" content=\"Kontakt | Olio Del Bianco\" \/>\n<meta property=\"og:description\" content=\"Auf dieser Seite finden Sie alle Referenzen, um uns zu kontaktieren und Informationen \u00fcber unser EVO-\u00d6l anzufordern, das in Assisi, Umbrien, hergestellt wird.\" \/>\n<meta property=\"og:url\" content=\"https:\/\/oliodelbianco.it\/de\/kontakt\/\" \/>\n<meta property=\"og:site_name\" content=\"Olio Del Bianco\" \/>\n<meta property=\"article:publisher\" content=\"https:\/\/www.facebook.com\/oliodelbianco\" \/>\n<meta property=\"article:modified_time\" content=\"2024-06-24T15:45:34+00:00\" \/>\n<meta property=\"og:image\" content=\"https:\/\/oliodelbianco.it\/wp-content\/uploads\/2022\/05\/questione-di-cuore-2.jpg\" \/>\n\t<meta property=\"og:image:width\" content=\"1600\" \/>\n\t<meta property=\"og:image:height\" content=\"1067\" \/>\n\t<meta property=\"og:image:type\" content=\"image\/jpeg\" \/>\n<meta name=\"twitter:card\" content=\"summary_large_image\" \/>\n<meta name=\"twitter:label1\" content=\"Gesch\u00e4tzte Lesezeit\" \/>\n\t<meta name=\"twitter:data1\" content=\"2\u00a0Minuten\" \/>\n<script type=\"application\/ld+json\" class=\"yoast-schema-graph\">{\"@context\":\"https:\\\/\\\/schema.org\",\"@graph\":[{\"@type\":\"WebPage\",\"@id\":\"https:\\\/\\\/oliodelbianco.it\\\/de\\\/kontakt\\\/\",\"url\":\"https:\\\/\\\/oliodelbianco.it\\\/de\\\/kontakt\\\/\",\"name\":\"Kontakt | Olio Del Bianco\",\"isPartOf\":{\"@id\":\"https:\\\/\\\/oliodelbianco.it\\\/de\\\/#website\"},\"primaryImageOfPage\":{\"@id\":\"https:\\\/\\\/oliodelbianco.it\\\/de\\\/kontakt\\\/#primaryimage\"},\"image\":{\"@id\":\"https:\\\/\\\/oliodelbianco.it\\\/de\\\/kontakt\\\/#primaryimage\"},\"thumbnailUrl\":\"https:\\\/\\\/oliodelbianco.it\\\/wp-content\\\/uploads\\\/2022\\\/05\\\/questione-di-cuore-2.jpg\",\"datePublished\":\"2022-05-11T08:32:11+00:00\",\"dateModified\":\"2024-06-24T15:45:34+00:00\",\"description\":\"Auf dieser Seite finden Sie alle Referenzen, um uns zu kontaktieren und Informationen \u00fcber unser EVO-\u00d6l anzufordern, das in Assisi, Umbrien, hergestellt wird.\",\"breadcrumb\":{\"@id\":\"https:\\\/\\\/oliodelbianco.it\\\/de\\\/kontakt\\\/#breadcrumb\"},\"inLanguage\":\"de\",\"potentialAction\":[{\"@type\":\"ReadAction\",\"target\":[\"https:\\\/\\\/oliodelbianco.it\\\/de\\\/kontakt\\\/\"]}]},{\"@type\":\"ImageObject\",\"inLanguage\":\"de\",\"@id\":\"https:\\\/\\\/oliodelbianco.it\\\/de\\\/kontakt\\\/#primaryimage\",\"url\":\"https:\\\/\\\/oliodelbianco.it\\\/wp-content\\\/uploads\\\/2022\\\/05\\\/questione-di-cuore-2.jpg\",\"contentUrl\":\"https:\\\/\\\/oliodelbianco.it\\\/wp-content\\\/uploads\\\/2022\\\/05\\\/questione-di-cuore-2.jpg\",\"width\":1600,\"height\":1067,\"caption\":\"contatti olio del bianco\"},{\"@type\":\"BreadcrumbList\",\"@id\":\"https:\\\/\\\/oliodelbianco.it\\\/de\\\/kontakt\\\/#breadcrumb\",\"itemListElement\":[{\"@type\":\"ListItem\",\"position\":1,\"name\":\"Home\",\"item\":\"https:\\\/\\\/oliodelbianco.it\\\/de\\\/\"},{\"@type\":\"ListItem\",\"position\":2,\"name\":\"Kontakt\"}]},{\"@type\":\"WebSite\",\"@id\":\"https:\\\/\\\/oliodelbianco.it\\\/de\\\/#website\",\"url\":\"https:\\\/\\\/oliodelbianco.it\\\/de\\\/\",\"name\":\"Olio Del Bianco\",\"description\":\"Extra Vergine d\u2019Oliva dei colli Assisi-Spoleto\",\"publisher\":{\"@id\":\"https:\\\/\\\/oliodelbianco.it\\\/de\\\/#organization\"},\"potentialAction\":[{\"@type\":\"SearchAction\",\"target\":{\"@type\":\"EntryPoint\",\"urlTemplate\":\"https:\\\/\\\/oliodelbianco.it\\\/de\\\/?s={search_term_string}\"},\"query-input\":{\"@type\":\"PropertyValueSpecification\",\"valueRequired\":true,\"valueName\":\"search_term_string\"}}],\"inLanguage\":\"de\"},{\"@type\":\"Organization\",\"@id\":\"https:\\\/\\\/oliodelbianco.it\\\/de\\\/#organization\",\"name\":\"Olio Del Bianco\",\"url\":\"https:\\\/\\\/oliodelbianco.it\\\/de\\\/\",\"logo\":{\"@type\":\"ImageObject\",\"inLanguage\":\"de\",\"@id\":\"https:\\\/\\\/oliodelbianco.it\\\/de\\\/#\\\/schema\\\/logo\\\/image\\\/\",\"url\":\"https:\\\/\\\/oliodelbianco.it\\\/wp-content\\\/uploads\\\/2022\\\/05\\\/logo-delbianco.png\",\"contentUrl\":\"https:\\\/\\\/oliodelbianco.it\\\/wp-content\\\/uploads\\\/2022\\\/05\\\/logo-delbianco.png\",\"width\":300,\"height\":300,\"caption\":\"Olio Del Bianco\"},\"image\":{\"@id\":\"https:\\\/\\\/oliodelbianco.it\\\/de\\\/#\\\/schema\\\/logo\\\/image\\\/\"},\"sameAs\":[\"https:\\\/\\\/www.facebook.com\\\/oliodelbianco\",\"https:\\\/\\\/www.instagram.com\\\/oliodelbianco\",\"https:\\\/\\\/vimeo.com\\\/oliodelbianco\"]}]}<\/script>\n<!-- \/ Yoast SEO plugin. -->","yoast_head_json":{"title":"Kontakt | Olio Del Bianco","description":"Auf dieser Seite finden Sie alle Referenzen, um uns zu kontaktieren und Informationen \u00fcber unser EVO-\u00d6l anzufordern, das in Assisi, Umbrien, hergestellt wird.","robots":{"index":"index","follow":"follow","max-snippet":"max-snippet:-1","max-image-preview":"max-image-preview:large","max-video-preview":"max-video-preview:-1"},"canonical":"https:\/\/oliodelbianco.it\/de\/kontakt\/","og_locale":"de_DE","og_type":"article","og_title":"Kontakt | Olio Del Bianco","og_description":"Auf dieser Seite finden Sie alle Referenzen, um uns zu kontaktieren und Informationen \u00fcber unser EVO-\u00d6l anzufordern, das in Assisi, Umbrien, hergestellt wird.","og_url":"https:\/\/oliodelbianco.it\/de\/kontakt\/","og_site_name":"Olio Del Bianco","article_publisher":"https:\/\/www.facebook.com\/oliodelbianco","article_modified_time":"2024-06-24T15:45:34+00:00","og_image":[{"width":1600,"height":1067,"url":"https:\/\/oliodelbianco.it\/wp-content\/uploads\/2022\/05\/questione-di-cuore-2.jpg","type":"image\/jpeg"}],"twitter_card":"summary_large_image","twitter_misc":{"Gesch\u00e4tzte Lesezeit":"2\u00a0Minuten"},"schema":{"@context":"https:\/\/schema.org","@graph":[{"@type":"WebPage","@id":"https:\/\/oliodelbianco.it\/de\/kontakt\/","url":"https:\/\/oliodelbianco.it\/de\/kontakt\/","name":"Kontakt | Olio Del Bianco","isPartOf":{"@id":"https:\/\/oliodelbianco.it\/de\/#website"},"primaryImageOfPage":{"@id":"https:\/\/oliodelbianco.it\/de\/kontakt\/#primaryimage"},"image":{"@id":"https:\/\/oliodelbianco.it\/de\/kontakt\/#primaryimage"},"thumbnailUrl":"https:\/\/oliodelbianco.it\/wp-content\/uploads\/2022\/05\/questione-di-cuore-2.jpg","datePublished":"2022-05-11T08:32:11+00:00","dateModified":"2024-06-24T15:45:34+00:00","description":"Auf dieser Seite finden Sie alle Referenzen, um uns zu kontaktieren und Informationen \u00fcber unser EVO-\u00d6l anzufordern, das in Assisi, Umbrien, hergestellt wird.","breadcrumb":{"@id":"https:\/\/oliodelbianco.it\/de\/kontakt\/#breadcrumb"},"inLanguage":"de","potentialAction":[{"@type":"ReadAction","target":["https:\/\/oliodelbianco.it\/de\/kontakt\/"]}]},{"@type":"ImageObject","inLanguage":"de","@id":"https:\/\/oliodelbianco.it\/de\/kontakt\/#primaryimage","url":"https:\/\/oliodelbianco.it\/wp-content\/uploads\/2022\/05\/questione-di-cuore-2.jpg","contentUrl":"https:\/\/oliodelbianco.it\/wp-content\/uploads\/2022\/05\/questione-di-cuore-2.jpg","width":1600,"height":1067,"caption":"contatti olio del bianco"},{"@type":"BreadcrumbList","@id":"https:\/\/oliodelbianco.it\/de\/kontakt\/#breadcrumb","itemListElement":[{"@type":"ListItem","position":1,"name":"Home","item":"https:\/\/oliodelbianco.it\/de\/"},{"@type":"ListItem","position":2,"name":"Kontakt"}]},{"@type":"WebSite","@id":"https:\/\/oliodelbianco.it\/de\/#website","url":"https:\/\/oliodelbianco.it\/de\/","name":"Olio Del Bianco","description":"Extra Vergine d\u2019Oliva dei colli Assisi-Spoleto","publisher":{"@id":"https:\/\/oliodelbianco.it\/de\/#organization"},"potentialAction":[{"@type":"SearchAction","target":{"@type":"EntryPoint","urlTemplate":"https:\/\/oliodelbianco.it\/de\/?s={search_term_string}"},"query-input":{"@type":"PropertyValueSpecification","valueRequired":true,"valueName":"search_term_string"}}],"inLanguage":"de"},{"@type":"Organization","@id":"https:\/\/oliodelbianco.it\/de\/#organization","name":"Olio Del Bianco","url":"https:\/\/oliodelbianco.it\/de\/","logo":{"@type":"ImageObject","inLanguage":"de","@id":"https:\/\/oliodelbianco.it\/de\/#\/schema\/logo\/image\/","url":"https:\/\/oliodelbianco.it\/wp-content\/uploads\/2022\/05\/logo-delbianco.png","contentUrl":"https:\/\/oliodelbianco.it\/wp-content\/uploads\/2022\/05\/logo-delbianco.png","width":300,"height":300,"caption":"Olio Del Bianco"},"image":{"@id":"https:\/\/oliodelbianco.it\/de\/#\/schema\/logo\/image\/"},"sameAs":["https:\/\/www.facebook.com\/oliodelbianco","https:\/\/www.instagram.com\/oliodelbianco","https:\/\/vimeo.com\/oliodelbianco"]}]}},"_links":{"self":[{"href":"https:\/\/oliodelbianco.it\/de\/wp-json\/wp\/v2\/pages\/1079","targetHints":{"allow":["GET"]}}],"collection":[{"href":"https:\/\/oliodelbianco.it\/de\/wp-json\/wp\/v2\/pages"}],"about":[{"href":"https:\/\/oliodelbianco.it\/de\/wp-json\/wp\/v2\/types\/page"}],"author":[{"embeddable":true,"href":"https:\/\/oliodelbianco.it\/de\/wp-json\/wp\/v2\/users\/5"}],"replies":[{"embeddable":true,"href":"https:\/\/oliodelbianco.it\/de\/wp-json\/wp\/v2\/comments?post=1079"}],"version-history":[{"count":2,"href":"https:\/\/oliodelbianco.it\/de\/wp-json\/wp\/v2\/pages\/1079\/revisions"}],"predecessor-version":[{"id":1081,"href":"https:\/\/oliodelbianco.it\/de\/wp-json\/wp\/v2\/pages\/1079\/revisions\/1081"}],"wp:featuredmedia":[{"embeddable":true,"href":"https:\/\/oliodelbianco.it\/de\/wp-json\/wp\/v2\/media\/302"}],"wp:attachment":[{"href":"https:\/\/oliodelbianco.it\/de\/wp-json\/wp\/v2\/media?parent=1079"}],"curies":[{"name":"wp","href":"https:\/\/api.w.org\/{rel}","templated":true}]}}