{"id":1076,"date":"2022-05-11T08:29:51","date_gmt":"2022-05-11T08:29:51","guid":{"rendered":"https:\/\/oliodelbianco.it\/ueber-uns\/"},"modified":"2024-06-24T15:42:10","modified_gmt":"2024-06-24T15:42:10","slug":"ueber-uns","status":"publish","type":"page","link":"https:\/\/oliodelbianco.it\/de\/ueber-uns\/","title":{"rendered":"\u00dcber uns"},"content":{"rendered":"<div class=\"wpb-content-wrapper\"><p>[vc_row row_height_percent=&#8220;0&#8243; override_padding=&#8220;yes&#8220; h_padding=&#8220;2&#8243; top_padding=&#8220;5&#8243; bottom_padding=&#8220;0&#8243; back_color=&#8220;color-lxmt&#8220; overlay_alpha=&#8220;50&#8243; gutter_size=&#8220;3&#8243; column_width_percent=&#8220;100&#8243; shift_y=&#8220;0&#8243; z_index=&#8220;2&#8243; uncode_shortcode_id=&#8220;100697&#8243; back_color_type=&#8220;uncode-palette&#8220;][vc_column column_width_percent=&#8220;100&#8243; position_vertical=&#8220;middle&#8220; align_horizontal=&#8220;align_center&#8220; gutter_size=&#8220;3&#8243; overlay_alpha=&#8220;50&#8243; shift_x=&#8220;0&#8243; shift_y=&#8220;0&#8243; shift_y_down=&#8220;-5&#8243; shift_y_down_fixed=&#8220;yes&#8220; z_index=&#8220;0&#8243; medium_width=&#8220;0&#8243; align_mobile=&#8220;align_center_mobile&#8220; mobile_width=&#8220;0&#8243; width=&#8220;1\/1&#8243; uncode_shortcode_id=&#8220;561598&#8243;][vc_row_inner][vc_column_inner column_width_percent=&#8220;100&#8243; align_horizontal=&#8220;align_right&#8220; gutter_size=&#8220;3&#8243; overlay_alpha=&#8220;50&#8243; shift_x=&#8220;0&#8243; shift_y=&#8220;0&#8243; shift_y_down=&#8220;0&#8243; z_index=&#8220;0&#8243; align_medium=&#8220;align_left_tablet&#8220; medium_width=&#8220;0&#8243; align_mobile=&#8220;align_left_mobile&#8220; mobile_width=&#8220;0&#8243; width=&#8220;1\/3&#8243; uncode_shortcode_id=&#8220;175265&#8243;][vc_custom_heading heading_semantic=&#8220;h1&#8243; text_transform=&#8220;uppercase&#8220; uncode_shortcode_id=&#8220;715804&#8243;]Fratelli Del Bianco: die R\u00fcckkehr zur Erde als Berufung[\/vc_custom_heading][\/vc_column_inner][vc_column_inner width=&#8220;2\/3&#8243;][vc_column_text uncode_shortcode_id=&#8220;186643&#8243;]Wir haben uns entschlossen diesen beruflichen und existentiellen Werdegang ohne jede Erfolgsgarantie einzuschlagen, wir brachten nur unsere F\u00e4higkeiten und unsere Begeisterung mit. Wir sind davon \u00fcberzeugt ,dass alle diejenigen ,die sich in den letzten Jahren entschieden haben sich in neuer Weise der <strong>Landwirtschaft zu widmen eine<\/strong> Resource fuer die Region und die Wirtschaft als Ganzes darstellen. Wir glauben an ein Wirtschaftsmodell, das auf der <strong>Nachhaltigkeit der Kulturen<\/strong> und einer engen <strong>Zusammenarbeit zwischen<\/strong> den <strong>Landwirten beruht<\/strong>, ohne dabei auf die unerl\u00e4ssliche Unterst\u00fctzung durch die besten modernen Technologien und agronomischen Erkenntnisse zu verzichten.[\/vc_column_text][\/vc_column_inner][\/vc_row_inner][vc_empty_space][vc_row_inner][vc_column_inner column_width_use_pixel=&#8220;yes&#8220; gutter_size=&#8220;3&#8243; override_padding=&#8220;yes&#8220; column_padding=&#8220;0&#8243; overlay_alpha=&#8220;50&#8243; shift_x=&#8220;0&#8243; shift_y=&#8220;0&#8243; shift_y_down=&#8220;0&#8243; z_index=&#8220;0&#8243; medium_width=&#8220;0&#8243; mobile_width=&#8220;0&#8243; width=&#8220;1\/1&#8243; column_width_pixel=&#8220;900&#8243; uncode_shortcode_id=&#8220;152622&#8243;][vc_single_image media=&#8220;223&#8243; media_width_percent=&#8220;100&#8243; media_ratio=&#8220;sixteen-nine&#8220; alignment=&#8220;center&#8220; shadow=&#8220;yes&#8220; shadow_weight=&#8220;lg&#8220; uncode_shortcode_id=&#8220;105709&#8243;][\/vc_column_inner][\/vc_row_inner][\/vc_column][\/vc_row][vc_row row_height_percent=&#8220;0&#8243; override_padding=&#8220;yes&#8220; h_padding=&#8220;2&#8243; top_padding=&#8220;2&#8243; bottom_padding=&#8220;5&#8243; overlay_alpha=&#8220;50&#8243; gutter_size=&#8220;3&#8243; column_width_percent=&#8220;100&#8243; border_color=&#8220;color-gyho&#8220; border_style=&#8220;solid&#8220; shift_y=&#8220;0&#8243; z_index=&#8220;0&#8243; css=&#8220;.vc_custom_1555335928240{border-top-width: 1px !important;}&#8220;][vc_column column_width_percent=&#8220;100&#8243; align_horizontal=&#8220;align_center&#8220; gutter_size=&#8220;3&#8243; overlay_alpha=&#8220;50&#8243; shift_x=&#8220;0&#8243; shift_y=&#8220;0&#8243; shift_y_down=&#8220;0&#8243; z_index=&#8220;0&#8243; medium_width=&#8220;0&#8243; mobile_width=&#8220;0&#8243; width=&#8220;1\/1&#8243;][vc_empty_space empty_h=&#8220;5&#8243;][vc_button button_color=&#8220;accent&#8220; border_width=&#8220;0&#8243; link=&#8220;url:https%3A%2F%2Foliodelbianco.it%2Fnegozio%2F|&#8220; button_color_type=&#8220;uncode-palette&#8220; uncode_shortcode_id=&#8220;138814&#8243;]Unsere Produkte[\/vc_button][\/vc_column][\/vc_row][vc_row row_height_percent=&#8220;0&#8243; override_padding=&#8220;yes&#8220; h_padding=&#8220;2&#8243; top_padding=&#8220;3&#8243; bottom_padding=&#8220;5&#8243; overlay_alpha=&#8220;50&#8243; equal_height=&#8220;yes&#8220; gutter_size=&#8220;4&#8243; column_width_percent=&#8220;100&#8243; shift_y=&#8220;0&#8243; z_index=&#8220;0&#8243; bottom_divider=&#8220;step_2_3&#8243; uncode_shortcode_id=&#8220;456471&#8243;][vc_column column_width_percent=&#8220;100&#8243; position_vertical=&#8220;middle&#8220; gutter_size=&#8220;3&#8243; overlay_alpha=&#8220;50&#8243; shift_x=&#8220;0&#8243; shift_y=&#8220;0&#8243; shift_y_down=&#8220;0&#8243; z_index=&#8220;0&#8243; medium_width=&#8220;4&#8243; mobile_width=&#8220;0&#8243; width=&#8220;6\/12&#8243; uncode_shortcode_id=&#8220;791165&#8243;][vc_single_image media=&#8220;307&#8243; media_width_percent=&#8220;100&#8243; media_ratio=&#8220;one-one&#8220; shadow=&#8220;yes&#8220; shadow_weight=&#8220;lg&#8220; uncode_shortcode_id=&#8220;132474&#8243;][\/vc_column][vc_column column_width_percent=&#8220;100&#8243; position_vertical=&#8220;middle&#8220; gutter_size=&#8220;3&#8243; overlay_alpha=&#8220;50&#8243; shift_x=&#8220;0&#8243; shift_y=&#8220;0&#8243; shift_y_down=&#8220;0&#8243; z_index=&#8220;0&#8243; medium_width=&#8220;4&#8243; mobile_width=&#8220;0&#8243; width=&#8220;6\/12&#8243; uncode_shortcode_id=&#8220;827081&#8243;][vc_custom_heading text_transform=&#8220;uppercase&#8220; uncode_shortcode_id=&#8220;165271&#8243;]Biodiversit\u00e4t[\/vc_custom_heading][vc_column_text uncode_shortcode_id=&#8220;465143&#8243;]Die alten <strong>Kultursorten der Landschaft von Assisi<\/strong> sind das Ergebnis der Selektion durch Mensch und Natur im Laufe der Zeit; sie haben sich zu Formen und genetischen Eigenschaften entwickelt, die es den Pflanzen erm\u00f6glichen, dem Klimawandel zu widerstehen und sich ihm anzupassen. In einer Welt, in der sich das Klima schnell ver\u00e4ndert, ist es leicht zu verstehen, dass die Fr\u00fcchte dieses <strong>Landes ein wertvolles Gut darstellen<\/strong>, das f\u00fcr die Zukunft der Menschheit bewahrt und gesch\u00fctzt werden muss. Bei der Herstellung von nativem <strong>Oliven\u00f6l extra Del Bianco<\/strong> wenden wir Anbautechniken an, <strong>die darauf abzielen, 10 kg Co2 pro Liter Oliven\u00f6l zu absorbieren<\/strong>. F\u00fcr uns bedeutet der Schutz der biologischen Vielfalt nicht nur, dass wir diese Kulturen am Leben erhalten, sondern auch, dass wir unser Wissen und unsere Techniken f\u00fcr eine nachhaltige <strong>Land- und Landschaftsbewirtschaftung st\u00e4ndig erneuern<\/strong>.[\/vc_column_text][\/vc_column][\/vc_row][vc_row row_height_percent=&#8220;50&#8243; override_padding=&#8220;yes&#8220; h_padding=&#8220;2&#8243; top_padding=&#8220;5&#8243; bottom_padding=&#8220;5&#8243; back_color=&#8220;color-wayh&#8220; back_image=&#8220;202&#8243; parallax=&#8220;yes&#8220; overlay_color=&#8220;color-wayh&#8220; overlay_alpha=&#8220;80&#8243; gutter_size=&#8220;100&#8243; column_width_percent=&#8220;100&#8243; shift_y=&#8220;0&#8243; z_index=&#8220;0&#8243; top_divider=&#8220;gradient&#8220; style=&#8220;inherited&#8220; uncode_shortcode_id=&#8220;173978&#8243; back_color_type=&#8220;uncode-palette&#8220; overlay_color_type=&#8220;uncode-palette&#8220;][vc_column column_width_use_pixel=&#8220;yes&#8220; position_vertical=&#8220;middle&#8220; align_horizontal=&#8220;align_center&#8220; gutter_size=&#8220;2&#8243; style=&#8220;dark&#8220; overlay_alpha=&#8220;100&#8243; shift_x=&#8220;0&#8243; shift_y=&#8220;0&#8243; shift_y_down=&#8220;0&#8243; z_index=&#8220;0&#8243; medium_width=&#8220;0&#8243; mobile_width=&#8220;0&#8243; zoom_width=&#8220;0&#8243; zoom_height=&#8220;0&#8243; width=&#8220;1\/1&#8243; column_width_pixel=&#8220;900&#8243;][vc_custom_heading heading_semantic=&#8220;h3&#8243; text_size=&#8220;h1&#8243; text_transform=&#8220;uppercase&#8220; uncode_shortcode_id=&#8220;149253&#8243;]Olio EVO Del Bianco: eine geschichte zu erz\u00e4hlen[\/vc_custom_heading][vc_column_text text_lead=&#8220;yes&#8220; uncode_shortcode_id=&#8220;163889&#8243;]Die handwerkliche Verarbeitung verleiht den Rohstoffen einen wichtigen Mehrwert, denn sie erm\u00f6glicht es, besondere Produkte zu erhalten mit reicheren sekundaeren Pflanzenstoffen, die in der Lage sind, eine lokale <strong>Kultur zu erz\u00e4hlen<\/strong>. Das ist eine Konstante jenseits von saisonalen und marktbedingten Schwankungen. Unser <strong>EVO-\u00d6l<\/strong> ist die Frucht eines Gebietes, n\u00e4mlich der <strong>H\u00fcgel von Assisi-Spoleto<\/strong>, das von geschickten H\u00e4nden mit Respekt bearbeitet wird, um Ihnen ein einzigartiges und unwiederholbares Produkt zu bieten.[\/vc_column_text][vc_empty_space empty_h=&#8220;1&#8243;][vc_button button_color=&#8220;accent&#8220; text_skin=&#8220;yes&#8220; border_width=&#8220;0&#8243; link=&#8220;url:https%3A%2F%2Foliodelbianco.it%2Fnegozio%2F|&#8220; button_color_type=&#8220;uncode-palette&#8220; uncode_shortcode_id=&#8220;163001&#8243;]Jetzt kaufen[\/vc_button][\/vc_column][\/vc_row]<\/p>\n<\/div>","protected":false},"excerpt":{"rendered":"<p>[vc_row row_height_percent=&#8220;0&#8243; override_padding=&#8220;yes&#8220; h_padding=&#8220;2&#8243; top_padding=&#8220;5&#8243; bottom_padding=&#8220;0&#8243; back_color=&#8220;color-lxmt&#8220; overlay_alpha=&#8220;50&#8243; gutter_size=&#8220;3&#8243; column_width_percent=&#8220;100&#8243; shift_y=&#8220;0&#8243; z_index=&#8220;2&#8243; uncode_shortcode_id=&#8220;100697&#8243; back_color_type=&#8220;uncode-palette&#8220;][vc_column column_width_percent=&#8220;100&#8243; position_vertical=&#8220;middle&#8220; align_horizontal=&#8220;align_center&#8220; gutter_size=&#8220;3&#8243; overlay_alpha=&#8220;50&#8243; shift_x=&#8220;0&#8243; [&hellip;]<\/p>\n","protected":false},"author":5,"featured_media":81,"parent":0,"menu_order":0,"comment_status":"closed","ping_status":"closed","template":"","meta":{"_monsterinsights_skip_tracking":false,"_monsterinsights_sitenote_active":false,"_monsterinsights_sitenote_note":"","_monsterinsights_sitenote_category":0,"footnotes":""},"class_list":["post-1076","page","type-page","status-publish","has-post-thumbnail","hentry"],"yoast_head":"<!-- This site is optimized with the Yoast SEO plugin v27.4 - https:\/\/yoast.com\/product\/yoast-seo-wordpress\/ -->\n<title>\u00dcber uns | Olio Del Bianco<\/title>\n<meta name=\"description\" content=\"Olio Del Bianco ist ein natives Oliven\u00f6l extra, das in Assisi (Umbrien) von dem landwirtschaftlichen Betrieb von Giovanni und David Del Bianco hergestellt wird.\" \/>\n<meta name=\"robots\" content=\"index, follow, max-snippet:-1, max-image-preview:large, max-video-preview:-1\" \/>\n<link rel=\"canonical\" href=\"https:\/\/oliodelbianco.it\/de\/ueber-uns\/\" \/>\n<meta property=\"og:locale\" content=\"de_DE\" \/>\n<meta property=\"og:type\" content=\"article\" \/>\n<meta property=\"og:title\" content=\"\u00dcber uns | Olio Del Bianco\" \/>\n<meta property=\"og:description\" content=\"Olio Del Bianco ist ein natives Oliven\u00f6l extra, das in Assisi (Umbrien) von dem landwirtschaftlichen Betrieb von Giovanni und David Del Bianco hergestellt wird.\" \/>\n<meta property=\"og:url\" content=\"https:\/\/oliodelbianco.it\/de\/ueber-uns\/\" \/>\n<meta property=\"og:site_name\" content=\"Olio Del Bianco\" \/>\n<meta property=\"article:publisher\" content=\"https:\/\/www.facebook.com\/oliodelbianco\" \/>\n<meta property=\"article:modified_time\" content=\"2024-06-24T15:42:10+00:00\" \/>\n<meta property=\"og:image\" content=\"https:\/\/oliodelbianco.it\/wp-content\/uploads\/2022\/05\/fratelli-olio-del-bianco.jpg\" \/>\n\t<meta property=\"og:image:width\" content=\"1980\" \/>\n\t<meta property=\"og:image:height\" content=\"969\" \/>\n\t<meta property=\"og:image:type\" content=\"image\/jpeg\" \/>\n<meta name=\"twitter:card\" content=\"summary_large_image\" \/>\n<meta name=\"twitter:label1\" content=\"Gesch\u00e4tzte Lesezeit\" \/>\n\t<meta name=\"twitter:data1\" content=\"5\u00a0Minuten\" \/>\n<script type=\"application\/ld+json\" class=\"yoast-schema-graph\">{\"@context\":\"https:\\\/\\\/schema.org\",\"@graph\":[{\"@type\":\"WebPage\",\"@id\":\"https:\\\/\\\/oliodelbianco.it\\\/de\\\/ueber-uns\\\/\",\"url\":\"https:\\\/\\\/oliodelbianco.it\\\/de\\\/ueber-uns\\\/\",\"name\":\"\u00dcber uns | Olio Del Bianco\",\"isPartOf\":{\"@id\":\"https:\\\/\\\/oliodelbianco.it\\\/de\\\/#website\"},\"primaryImageOfPage\":{\"@id\":\"https:\\\/\\\/oliodelbianco.it\\\/de\\\/ueber-uns\\\/#primaryimage\"},\"image\":{\"@id\":\"https:\\\/\\\/oliodelbianco.it\\\/de\\\/ueber-uns\\\/#primaryimage\"},\"thumbnailUrl\":\"https:\\\/\\\/oliodelbianco.it\\\/wp-content\\\/uploads\\\/2022\\\/05\\\/fratelli-olio-del-bianco.jpg\",\"datePublished\":\"2022-05-11T08:29:51+00:00\",\"dateModified\":\"2024-06-24T15:42:10+00:00\",\"description\":\"Olio Del Bianco ist ein natives Oliven\u00f6l extra, das in Assisi (Umbrien) von dem landwirtschaftlichen Betrieb von Giovanni und David Del Bianco hergestellt wird.\",\"breadcrumb\":{\"@id\":\"https:\\\/\\\/oliodelbianco.it\\\/de\\\/ueber-uns\\\/#breadcrumb\"},\"inLanguage\":\"de\",\"potentialAction\":[{\"@type\":\"ReadAction\",\"target\":[\"https:\\\/\\\/oliodelbianco.it\\\/de\\\/ueber-uns\\\/\"]}]},{\"@type\":\"ImageObject\",\"inLanguage\":\"de\",\"@id\":\"https:\\\/\\\/oliodelbianco.it\\\/de\\\/ueber-uns\\\/#primaryimage\",\"url\":\"https:\\\/\\\/oliodelbianco.it\\\/wp-content\\\/uploads\\\/2022\\\/05\\\/fratelli-olio-del-bianco.jpg\",\"contentUrl\":\"https:\\\/\\\/oliodelbianco.it\\\/wp-content\\\/uploads\\\/2022\\\/05\\\/fratelli-olio-del-bianco.jpg\",\"width\":1980,\"height\":969,\"caption\":\"Giovanni e David Del Bianco, Olio Del Bianco\"},{\"@type\":\"BreadcrumbList\",\"@id\":\"https:\\\/\\\/oliodelbianco.it\\\/de\\\/ueber-uns\\\/#breadcrumb\",\"itemListElement\":[{\"@type\":\"ListItem\",\"position\":1,\"name\":\"Home\",\"item\":\"https:\\\/\\\/oliodelbianco.it\\\/de\\\/\"},{\"@type\":\"ListItem\",\"position\":2,\"name\":\"\u00dcber uns\"}]},{\"@type\":\"WebSite\",\"@id\":\"https:\\\/\\\/oliodelbianco.it\\\/de\\\/#website\",\"url\":\"https:\\\/\\\/oliodelbianco.it\\\/de\\\/\",\"name\":\"Olio Del Bianco\",\"description\":\"Extra Vergine d\u2019Oliva dei colli Assisi-Spoleto\",\"publisher\":{\"@id\":\"https:\\\/\\\/oliodelbianco.it\\\/de\\\/#organization\"},\"potentialAction\":[{\"@type\":\"SearchAction\",\"target\":{\"@type\":\"EntryPoint\",\"urlTemplate\":\"https:\\\/\\\/oliodelbianco.it\\\/de\\\/?s={search_term_string}\"},\"query-input\":{\"@type\":\"PropertyValueSpecification\",\"valueRequired\":true,\"valueName\":\"search_term_string\"}}],\"inLanguage\":\"de\"},{\"@type\":\"Organization\",\"@id\":\"https:\\\/\\\/oliodelbianco.it\\\/de\\\/#organization\",\"name\":\"Olio Del Bianco\",\"url\":\"https:\\\/\\\/oliodelbianco.it\\\/de\\\/\",\"logo\":{\"@type\":\"ImageObject\",\"inLanguage\":\"de\",\"@id\":\"https:\\\/\\\/oliodelbianco.it\\\/de\\\/#\\\/schema\\\/logo\\\/image\\\/\",\"url\":\"https:\\\/\\\/oliodelbianco.it\\\/wp-content\\\/uploads\\\/2022\\\/05\\\/logo-delbianco.png\",\"contentUrl\":\"https:\\\/\\\/oliodelbianco.it\\\/wp-content\\\/uploads\\\/2022\\\/05\\\/logo-delbianco.png\",\"width\":300,\"height\":300,\"caption\":\"Olio Del Bianco\"},\"image\":{\"@id\":\"https:\\\/\\\/oliodelbianco.it\\\/de\\\/#\\\/schema\\\/logo\\\/image\\\/\"},\"sameAs\":[\"https:\\\/\\\/www.facebook.com\\\/oliodelbianco\",\"https:\\\/\\\/www.instagram.com\\\/oliodelbianco\",\"https:\\\/\\\/vimeo.com\\\/oliodelbianco\"]}]}<\/script>\n<!-- \/ Yoast SEO plugin. -->","yoast_head_json":{"title":"\u00dcber uns | Olio Del Bianco","description":"Olio Del Bianco ist ein natives Oliven\u00f6l extra, das in Assisi (Umbrien) von dem landwirtschaftlichen Betrieb von Giovanni und David Del Bianco hergestellt wird.","robots":{"index":"index","follow":"follow","max-snippet":"max-snippet:-1","max-image-preview":"max-image-preview:large","max-video-preview":"max-video-preview:-1"},"canonical":"https:\/\/oliodelbianco.it\/de\/ueber-uns\/","og_locale":"de_DE","og_type":"article","og_title":"\u00dcber uns | Olio Del Bianco","og_description":"Olio Del Bianco ist ein natives Oliven\u00f6l extra, das in Assisi (Umbrien) von dem landwirtschaftlichen Betrieb von Giovanni und David Del Bianco hergestellt wird.","og_url":"https:\/\/oliodelbianco.it\/de\/ueber-uns\/","og_site_name":"Olio Del Bianco","article_publisher":"https:\/\/www.facebook.com\/oliodelbianco","article_modified_time":"2024-06-24T15:42:10+00:00","og_image":[{"width":1980,"height":969,"url":"https:\/\/oliodelbianco.it\/wp-content\/uploads\/2022\/05\/fratelli-olio-del-bianco.jpg","type":"image\/jpeg"}],"twitter_card":"summary_large_image","twitter_misc":{"Gesch\u00e4tzte Lesezeit":"5\u00a0Minuten"},"schema":{"@context":"https:\/\/schema.org","@graph":[{"@type":"WebPage","@id":"https:\/\/oliodelbianco.it\/de\/ueber-uns\/","url":"https:\/\/oliodelbianco.it\/de\/ueber-uns\/","name":"\u00dcber uns | Olio Del Bianco","isPartOf":{"@id":"https:\/\/oliodelbianco.it\/de\/#website"},"primaryImageOfPage":{"@id":"https:\/\/oliodelbianco.it\/de\/ueber-uns\/#primaryimage"},"image":{"@id":"https:\/\/oliodelbianco.it\/de\/ueber-uns\/#primaryimage"},"thumbnailUrl":"https:\/\/oliodelbianco.it\/wp-content\/uploads\/2022\/05\/fratelli-olio-del-bianco.jpg","datePublished":"2022-05-11T08:29:51+00:00","dateModified":"2024-06-24T15:42:10+00:00","description":"Olio Del Bianco ist ein natives Oliven\u00f6l extra, das in Assisi (Umbrien) von dem landwirtschaftlichen Betrieb von Giovanni und David Del Bianco hergestellt wird.","breadcrumb":{"@id":"https:\/\/oliodelbianco.it\/de\/ueber-uns\/#breadcrumb"},"inLanguage":"de","potentialAction":[{"@type":"ReadAction","target":["https:\/\/oliodelbianco.it\/de\/ueber-uns\/"]}]},{"@type":"ImageObject","inLanguage":"de","@id":"https:\/\/oliodelbianco.it\/de\/ueber-uns\/#primaryimage","url":"https:\/\/oliodelbianco.it\/wp-content\/uploads\/2022\/05\/fratelli-olio-del-bianco.jpg","contentUrl":"https:\/\/oliodelbianco.it\/wp-content\/uploads\/2022\/05\/fratelli-olio-del-bianco.jpg","width":1980,"height":969,"caption":"Giovanni e David Del Bianco, Olio Del Bianco"},{"@type":"BreadcrumbList","@id":"https:\/\/oliodelbianco.it\/de\/ueber-uns\/#breadcrumb","itemListElement":[{"@type":"ListItem","position":1,"name":"Home","item":"https:\/\/oliodelbianco.it\/de\/"},{"@type":"ListItem","position":2,"name":"\u00dcber uns"}]},{"@type":"WebSite","@id":"https:\/\/oliodelbianco.it\/de\/#website","url":"https:\/\/oliodelbianco.it\/de\/","name":"Olio Del Bianco","description":"Extra Vergine d\u2019Oliva dei colli Assisi-Spoleto","publisher":{"@id":"https:\/\/oliodelbianco.it\/de\/#organization"},"potentialAction":[{"@type":"SearchAction","target":{"@type":"EntryPoint","urlTemplate":"https:\/\/oliodelbianco.it\/de\/?s={search_term_string}"},"query-input":{"@type":"PropertyValueSpecification","valueRequired":true,"valueName":"search_term_string"}}],"inLanguage":"de"},{"@type":"Organization","@id":"https:\/\/oliodelbianco.it\/de\/#organization","name":"Olio Del Bianco","url":"https:\/\/oliodelbianco.it\/de\/","logo":{"@type":"ImageObject","inLanguage":"de","@id":"https:\/\/oliodelbianco.it\/de\/#\/schema\/logo\/image\/","url":"https:\/\/oliodelbianco.it\/wp-content\/uploads\/2022\/05\/logo-delbianco.png","contentUrl":"https:\/\/oliodelbianco.it\/wp-content\/uploads\/2022\/05\/logo-delbianco.png","width":300,"height":300,"caption":"Olio Del Bianco"},"image":{"@id":"https:\/\/oliodelbianco.it\/de\/#\/schema\/logo\/image\/"},"sameAs":["https:\/\/www.facebook.com\/oliodelbianco","https:\/\/www.instagram.com\/oliodelbianco","https:\/\/vimeo.com\/oliodelbianco"]}]}},"_links":{"self":[{"href":"https:\/\/oliodelbianco.it\/de\/wp-json\/wp\/v2\/pages\/1076","targetHints":{"allow":["GET"]}}],"collection":[{"href":"https:\/\/oliodelbianco.it\/de\/wp-json\/wp\/v2\/pages"}],"about":[{"href":"https:\/\/oliodelbianco.it\/de\/wp-json\/wp\/v2\/types\/page"}],"author":[{"embeddable":true,"href":"https:\/\/oliodelbianco.it\/de\/wp-json\/wp\/v2\/users\/5"}],"replies":[{"embeddable":true,"href":"https:\/\/oliodelbianco.it\/de\/wp-json\/wp\/v2\/comments?post=1076"}],"version-history":[{"count":2,"href":"https:\/\/oliodelbianco.it\/de\/wp-json\/wp\/v2\/pages\/1076\/revisions"}],"predecessor-version":[{"id":1078,"href":"https:\/\/oliodelbianco.it\/de\/wp-json\/wp\/v2\/pages\/1076\/revisions\/1078"}],"wp:featuredmedia":[{"embeddable":true,"href":"https:\/\/oliodelbianco.it\/de\/wp-json\/wp\/v2\/media\/81"}],"wp:attachment":[{"href":"https:\/\/oliodelbianco.it\/de\/wp-json\/wp\/v2\/media?parent=1076"}],"curies":[{"name":"wp","href":"https:\/\/api.w.org\/{rel}","templated":true}]}}